{"id":365747,"date":"2021-07-12T18:13:15","date_gmt":"2021-07-12T16:13:15","guid":{"rendered":"https:\/\/letutudanza.it\/prodotto\/bloch-neo-form-salvapflanze"},"modified":"2026-04-14T18:12:53","modified_gmt":"2026-04-14T16:12:53","slug":"bloch-neo-form-pflanzenschoner","status":"publish","type":"product","link":"https:\/\/www.letutudanza.it\/de\/prodotto\/bloch-neo-form-pflanzenschoner","title":{"rendered":"Bloch Neo Form-Salvapflanze"},"content":{"rendered":"<p>Schutz f\u00fcr zeitgen\u00f6ssischen Tanz, der dem Mittelfu\u00dfknochen dank eines innovativen Materials eine haftendere und sauberere Form verleiht: Neopren. Hergestellt mit 5 Griffl\u00f6chern, die eine perfekte Verteilung des K\u00f6rpergewichts und damit eine bessere Balance erm\u00f6glichen. Die Au\u00dfenh\u00fclle aus einer Memory-Schicht d\u00e4mpft St\u00f6\u00dfe und sch\u00fctzt die Fu\u00dfsohle.<\/p>\n","protected":false},"excerpt":{"rendered":"<p>Schutz f\u00fcr zeitgen\u00f6ssischen Tanz, der dank eines innovativen Materials \u2013 Neopren \u2013 eine besser anliegende und sauberere Form des Mittelfu\u00dfes erm\u00f6glicht.<br \/>\n Ausgestattet mit 5 Fingerl\u00f6chern, die eine perfekte Gewichtsverteilung und damit eine bessere Balance gew\u00e4hrleisten.<br \/>\n Das \u00e4u\u00dfere Futter aus einer Memory-Schicht absorbiert St\u00f6\u00dfe und sch\u00fctzt die Fu\u00dfsohle.<\/p>\n<p> Nur noch 2 St\u00fcck verf\u00fcgbar Gr\u00f6\u00dfe L (41-43)<\/p>\n","protected":false},"featured_media":325984,"template":"","meta":{"_acf_changed":false},"product_brand":[],"product_cat":[1452,1617,2114,1451],"product_tag":[],"class_list":{"0":"post-365747","1":"product","2":"type-product","3":"status-publish","4":"has-post-thumbnail","6":"product_cat-zubehor-ausfuhrung","7":"product_cat-schuhe","8":"product_cat-schuhe-fur-zeitgenossischen-tanz","9":"product_cat-auslauf","10":"pa_brand-bloch-de","12":"first","13":"instock","14":"sale","15":"shipping-taxable","16":"purchasable","17":"product-type-simple"},"acf":[],"_links":{"self":[{"href":"https:\/\/www.letutudanza.it\/de\/wp-json\/wp\/v2\/product\/365747","targetHints":{"allow":["GET"]}}],"collection":[{"href":"https:\/\/www.letutudanza.it\/de\/wp-json\/wp\/v2\/product"}],"about":[{"href":"https:\/\/www.letutudanza.it\/de\/wp-json\/wp\/v2\/types\/product"}],"wp:featuredmedia":[{"embeddable":true,"href":"https:\/\/www.letutudanza.it\/de\/wp-json\/wp\/v2\/media\/325984"}],"wp:attachment":[{"href":"https:\/\/www.letutudanza.it\/de\/wp-json\/wp\/v2\/media?parent=365747"}],"wp:term":[{"taxonomy":"product_brand","embeddable":true,"href":"https:\/\/www.letutudanza.it\/de\/wp-json\/wp\/v2\/product_brand?post=365747"},{"taxonomy":"product_cat","embeddable":true,"href":"https:\/\/www.letutudanza.it\/de\/wp-json\/wp\/v2\/product_cat?post=365747"},{"taxonomy":"product_tag","embeddable":true,"href":"https:\/\/www.letutudanza.it\/de\/wp-json\/wp\/v2\/product_tag?post=365747"}],"curies":[{"name":"wp","href":"https:\/\/api.w.org\/{rel}","templated":true}]}}