{"id":365569,"date":"2021-07-12T17:58:05","date_gmt":"2021-07-12T15:58:05","guid":{"rendered":"https:\/\/letutudanza.it\/prodotto\/sudorella-danzacqua-corta"},"modified":"2026-01-18T10:45:46","modified_gmt":"2026-01-18T09:45:46","slug":"verschwitzter-tanzfischer","status":"publish","type":"product","link":"https:\/\/www.letutudanza.it\/de\/prodotto\/verschwitzter-tanzfischer","title":{"rendered":"Schwitzen Tanz Pantapescatore zum Muskelaufw\u00e4rmen"},"content":{"rendered":"<h2 style=\"text-align: center;\">Jogginghosen f\u00fcr Tanz und Training<\/h2>\n<p>Diese Tanz-Jogginghose wurde entwickelt, um das Aufw\u00e4rmen der Muskulatur w\u00e4hrend des Trainings und der Vorbereitung zu f\u00f6rdern. Das Material aus 100 % Polyamid reduziert die Schwei\u00dfbildung und erzeugt einen effektiven W\u00e4rmeeffekt, der das Schwitzen unterst\u00fctzt. <\/p>\n<p>Der elastische Bund und die Beinabschl\u00fcsse erm\u00f6glichen praktische B\u00fcndchen und eine individuelle L\u00e4ngenanpassung an die Bed\u00fcrfnisse der T\u00e4nzerin. Erh\u00e4ltlich in Schwarz und Grau, ideal f\u00fcr Ballett, Modern Dance, Contemporary und Training. <\/p>\n","protected":false},"excerpt":{"rendered":"<p>Hergestellt aus 100 % <strong>Polyamid<\/strong> , das Schwei\u00df ableitet und so einen w\u00e4rmenden Effekt erzeugt \u2013 ideal f\u00fcr schwei\u00dftreibende Aktivit\u00e4ten. Der <strong>elastische Bund und die Beinabschl\u00fcsse<\/strong> sorgen f\u00fcr bequemes An- und Ausziehen. Perfekt f\u00fcr Ballett, Modern Dance und zeitgen\u00f6ssischen Tanz.  <\/p>\n","protected":false},"featured_media":324596,"template":"","meta":{"_acf_changed":false},"product_brand":[],"product_cat":[1590,1494,1513,1522],"product_tag":[],"class_list":{"0":"post-365569","1":"product","2":"type-product","3":"status-publish","4":"has-post-thumbnail","6":"product_cat-schweiss","7":"product_cat-hosen-und-shorts","8":"product_cat-kleidung","9":"product_cat-sich-warm-laufen","10":"pa_brand-dl-tanzkleidung","12":"first","13":"instock","14":"shipping-taxable","15":"purchasable","16":"product-type-variable"},"acf":[],"_links":{"self":[{"href":"https:\/\/www.letutudanza.it\/de\/wp-json\/wp\/v2\/product\/365569","targetHints":{"allow":["GET"]}}],"collection":[{"href":"https:\/\/www.letutudanza.it\/de\/wp-json\/wp\/v2\/product"}],"about":[{"href":"https:\/\/www.letutudanza.it\/de\/wp-json\/wp\/v2\/types\/product"}],"wp:featuredmedia":[{"embeddable":true,"href":"https:\/\/www.letutudanza.it\/de\/wp-json\/wp\/v2\/media\/324596"}],"wp:attachment":[{"href":"https:\/\/www.letutudanza.it\/de\/wp-json\/wp\/v2\/media?parent=365569"}],"wp:term":[{"taxonomy":"product_brand","embeddable":true,"href":"https:\/\/www.letutudanza.it\/de\/wp-json\/wp\/v2\/product_brand?post=365569"},{"taxonomy":"product_cat","embeddable":true,"href":"https:\/\/www.letutudanza.it\/de\/wp-json\/wp\/v2\/product_cat?post=365569"},{"taxonomy":"product_tag","embeddable":true,"href":"https:\/\/www.letutudanza.it\/de\/wp-json\/wp\/v2\/product_tag?post=365569"}],"curies":[{"name":"wp","href":"https:\/\/api.w.org\/{rel}","templated":true}]}}