{"id":365486,"date":"2021-07-12T17:35:18","date_gmt":"2021-07-12T15:35:18","guid":{"rendered":"https:\/\/letutudanza.it\/prodotto\/wrap-dance-crossover"},"modified":"2026-04-07T16:21:57","modified_gmt":"2026-04-07T14:21:57","slug":"herzerwarmer-danzaacqua","status":"publish","type":"product","link":"https:\/\/www.letutudanza.it\/de\/prodotto\/herzerwarmer-danzaacqua","title":{"rendered":"Acryl-Kreuztanz-Wickeltuch\/Golfino"},"content":{"rendered":"<p>Der <strong>Cross-Over-Dance-Wrap<\/strong> ist ein unverzichtbares <strong>Aufw\u00e4rm- und Muskelaufw\u00e4rmkleidungsst\u00fcck<\/strong> f\u00fcr T\u00e4nzer und eignet sich ideal vor und nach dem Unterricht.<\/p>\n<p>Es besteht zu <strong>100 % aus Acryl<\/strong> und bietet eine hohe W\u00e4rmekapazit\u00e4t, h\u00e4lt den K\u00f6rper warm, ohne ihn zu beschweren, und hilft so, die Muskeln w\u00e4hrend der Vorbereitungs- und Erholungsphasen zu sch\u00fctzen.<\/p>\n<p>Das <strong>kreuzf\u00f6rmige Design mit verstellbaren Rippen<\/strong> sorgt daf\u00fcr, dass sich die Bandage perfekt an Ihren K\u00f6rper anpasst und gew\u00e4hrleistet so <strong>Komfort, Stabilit\u00e4t und Bewegungsfreiheit<\/strong> bei jeder \u00dcbung.<\/p>\n<h3>Eigenschaften<\/h3>\n<ul>\n<li>Typ: Wickelpullover \/ Klassischer Tanzpullover<\/li>\n<li>Modell: Crossover<\/li>\n<li>Material: 100 % Acryl<\/li>\n<li>Rippen: Verstellbar<\/li>\n<li>Anwendung: Aufw\u00e4rmen, Muskelaufw\u00e4rmen, vor und nach dem Unterricht<\/li>\n<\/ul>\n","protected":false},"excerpt":{"rendered":"<p>100% Acryl-Tanzwickel mit \u00fcberkreuzten Enden, ideal zum Aufw\u00e4rmen und f\u00fcr Muskelaufw\u00e4rm\u00fcbungen.<br \/>\n Mit verstellbaren Rippen f\u00fcr einen bequemen und stabilen Sitz.<br \/>\n Perfekt f\u00fcr klassischen Tanz.<\/p>\n","protected":false},"featured_media":325792,"template":"","meta":{"_acf_changed":false},"product_brand":[],"product_cat":[1523,1511,1513,1522,1451],"product_tag":[],"class_list":{"0":"post-365486","1":"product","2":"type-product","3":"status-publish","4":"has-post-thumbnail","6":"product_cat-warmer-warmer","7":"product_cat-bekleidungs-outlet","8":"product_cat-kleidung","9":"product_cat-sich-warm-laufen","10":"product_cat-auslauf","12":"first","13":"instock","14":"sale","15":"shipping-taxable","16":"purchasable","17":"product-type-variable"},"acf":[],"_links":{"self":[{"href":"https:\/\/www.letutudanza.it\/de\/wp-json\/wp\/v2\/product\/365486","targetHints":{"allow":["GET"]}}],"collection":[{"href":"https:\/\/www.letutudanza.it\/de\/wp-json\/wp\/v2\/product"}],"about":[{"href":"https:\/\/www.letutudanza.it\/de\/wp-json\/wp\/v2\/types\/product"}],"wp:featuredmedia":[{"embeddable":true,"href":"https:\/\/www.letutudanza.it\/de\/wp-json\/wp\/v2\/media\/325792"}],"wp:attachment":[{"href":"https:\/\/www.letutudanza.it\/de\/wp-json\/wp\/v2\/media?parent=365486"}],"wp:term":[{"taxonomy":"product_brand","embeddable":true,"href":"https:\/\/www.letutudanza.it\/de\/wp-json\/wp\/v2\/product_brand?post=365486"},{"taxonomy":"product_cat","embeddable":true,"href":"https:\/\/www.letutudanza.it\/de\/wp-json\/wp\/v2\/product_cat?post=365486"},{"taxonomy":"product_tag","embeddable":true,"href":"https:\/\/www.letutudanza.it\/de\/wp-json\/wp\/v2\/product_tag?post=365486"}],"curies":[{"name":"wp","href":"https:\/\/api.w.org\/{rel}","templated":true}]}}