{"id":364632,"date":"2021-07-12T11:35:02","date_gmt":"2021-07-12T09:35:02","guid":{"rendered":"https:\/\/letutudanza.it\/prodotto\/alles-in-allem-laura"},"modified":"2025-09-27T20:41:44","modified_gmt":"2025-09-27T18:41:44","slug":"anzug-laura","status":"publish","type":"product","link":"https:\/\/www.letutudanza.it\/de\/prodotto\/anzug-laura","title":{"rendered":"Danza Laura Aufw\u00e4rm-Trainingsanzug\/kurzer Overall"},"content":{"rendered":"<p>Knielanger Overall, ideal zum Aufw\u00e4rmen beim Tanzen.<br \/>\nElastische und gekr\u00e4uselte Hosentr\u00e4ger. Beinabschl\u00fcsse und elastischer Bund k\u00f6nnen nach Belieben aufgekn\u00f6pft werden.<\/p>\n<p>Auf Bestellung auch in anderen nicht aufgef\u00fchrten Farben erh\u00e4ltlich<\/p>\n","protected":false},"excerpt":{"rendered":"<p>Overall\/Latzhose ideal f\u00fcr die Aufw\u00e4rmphase.<br \/>\n \u00dcber dem Knie lang, elastische und geraffte Schultertr\u00e4ger.<br \/>\n B\u00fcndchen an den Beinen und elastischer Bund f\u00fcr eine individuelle Passform.<\/p>\n","protected":false},"featured_media":325852,"template":"","meta":{"_acf_changed":false},"product_brand":[],"product_cat":[1522,1596,1597,1513],"product_tag":[],"class_list":{"0":"post-364632","1":"product","2":"type-product","3":"status-publish","4":"has-post-thumbnail","6":"product_cat-sich-warm-laufen","7":"product_cat-akademische-anzuge","8":"product_cat-anzuge","9":"product_cat-kleidung","10":"pa_brand-dl-tanzkleidung","12":"first","13":"instock","14":"shipping-taxable","15":"purchasable","16":"product-type-variable"},"acf":[],"_links":{"self":[{"href":"https:\/\/www.letutudanza.it\/de\/wp-json\/wp\/v2\/product\/364632","targetHints":{"allow":["GET"]}}],"collection":[{"href":"https:\/\/www.letutudanza.it\/de\/wp-json\/wp\/v2\/product"}],"about":[{"href":"https:\/\/www.letutudanza.it\/de\/wp-json\/wp\/v2\/types\/product"}],"wp:featuredmedia":[{"embeddable":true,"href":"https:\/\/www.letutudanza.it\/de\/wp-json\/wp\/v2\/media\/325852"}],"wp:attachment":[{"href":"https:\/\/www.letutudanza.it\/de\/wp-json\/wp\/v2\/media?parent=364632"}],"wp:term":[{"taxonomy":"product_brand","embeddable":true,"href":"https:\/\/www.letutudanza.it\/de\/wp-json\/wp\/v2\/product_brand?post=364632"},{"taxonomy":"product_cat","embeddable":true,"href":"https:\/\/www.letutudanza.it\/de\/wp-json\/wp\/v2\/product_cat?post=364632"},{"taxonomy":"product_tag","embeddable":true,"href":"https:\/\/www.letutudanza.it\/de\/wp-json\/wp\/v2\/product_tag?post=364632"}],"curies":[{"name":"wp","href":"https:\/\/api.w.org\/{rel}","templated":true}]}}