{"id":363406,"date":"2021-07-12T00:45:13","date_gmt":"2021-07-11T22:45:13","guid":{"rendered":"https:\/\/letutudanza.it\/prodotto\/akademiemitglied-julia"},"modified":"2025-09-27T20:41:56","modified_gmt":"2025-09-27T18:41:56","slug":"akademisch-juliet","status":"publish","type":"product","link":"https:\/\/www.letutudanza.it\/de\/prodotto\/akademisch-juliet","title":{"rendered":"Giulietta Akademischer Tanzanzug mit Tr\u00e4gern"},"content":{"rendered":"<p>Akademischer Overall mit Tr\u00e4gern, tiefem R\u00fcckenausschnitt, Trico darunter.<\/p>\n","protected":false},"excerpt":{"rendered":"<p>Akademischer Trainingsanzug mit Tr\u00e4gern, rundem Ausschnitt, tieferer R\u00fccken.<br \/>\n Hergestellt mit Strumpfhose\/Trikot darunter.<\/p>\n","protected":false},"featured_media":478392,"template":"","meta":{"_acf_changed":false},"product_brand":[],"product_cat":[1596,1513],"product_tag":[],"class_list":{"0":"post-363406","1":"product","2":"type-product","3":"status-publish","4":"has-post-thumbnail","6":"product_cat-akademische-anzuge","7":"product_cat-kleidung","8":"pa_brand-dl-tanzkleidung","10":"first","11":"instock","12":"shipping-taxable","13":"purchasable","14":"product-type-variable"},"acf":[],"_links":{"self":[{"href":"https:\/\/www.letutudanza.it\/de\/wp-json\/wp\/v2\/product\/363406","targetHints":{"allow":["GET"]}}],"collection":[{"href":"https:\/\/www.letutudanza.it\/de\/wp-json\/wp\/v2\/product"}],"about":[{"href":"https:\/\/www.letutudanza.it\/de\/wp-json\/wp\/v2\/types\/product"}],"wp:featuredmedia":[{"embeddable":true,"href":"https:\/\/www.letutudanza.it\/de\/wp-json\/wp\/v2\/media\/478392"}],"wp:attachment":[{"href":"https:\/\/www.letutudanza.it\/de\/wp-json\/wp\/v2\/media?parent=363406"}],"wp:term":[{"taxonomy":"product_brand","embeddable":true,"href":"https:\/\/www.letutudanza.it\/de\/wp-json\/wp\/v2\/product_brand?post=363406"},{"taxonomy":"product_cat","embeddable":true,"href":"https:\/\/www.letutudanza.it\/de\/wp-json\/wp\/v2\/product_cat?post=363406"},{"taxonomy":"product_tag","embeddable":true,"href":"https:\/\/www.letutudanza.it\/de\/wp-json\/wp\/v2\/product_tag?post=363406"}],"curies":[{"name":"wp","href":"https:\/\/api.w.org\/{rel}","templated":true}]}}