{"id":362166,"date":"2021-07-11T22:55:13","date_gmt":"2021-07-11T20:55:13","guid":{"rendered":"https:\/\/letutudanza.it\/prodotto\/academica-giulietta-nude-effekt"},"modified":"2025-09-15T16:06:46","modified_gmt":"2025-09-15T14:06:46","slug":"akademischer-juliet-nackt-effekt-2","status":"publish","type":"product","link":"https:\/\/www.letutudanza.it\/de\/prodotto\/akademischer-juliet-nackt-effekt-2","title":{"rendered":"Giulietta Fleischfarbener akademischer Tanzanzug mit Tr\u00e4gern"},"content":{"rendered":"<p>Akademischer Overall mit Tr\u00e4gern, tiefem R\u00fcckenausschnitt, Trico darunter.<\/p>\n<p>Gef\u00fctterter Artikel und daher &#8220;NICHT TRANSPARENT&#8221;.<\/p>\n","protected":false},"excerpt":{"rendered":"<p>Akademischer Overall mit Tr\u00e4gern, tiefem R\u00fcckenausschnitt, Trico darunter.<\/p>\n<p>Gef\u00fctterter Artikel und daher &#8220;NICHT TRANSPARENT&#8221;.<\/p>\n","protected":false},"featured_media":325816,"template":"","meta":{"_acf_changed":false},"product_brand":[],"product_cat":[1513,1443],"product_tag":[],"class_list":{"0":"post-362166","1":"product","2":"type-product","3":"status-publish","4":"has-post-thumbnail","6":"product_cat-kleidung","7":"product_cat-tanzunterwasche-und-unterwasche","8":"pa_brand-dl-tanzkleidung","10":"first","11":"instock","12":"shipping-taxable","13":"purchasable","14":"product-type-variable"},"acf":[],"_links":{"self":[{"href":"https:\/\/www.letutudanza.it\/de\/wp-json\/wp\/v2\/product\/362166","targetHints":{"allow":["GET"]}}],"collection":[{"href":"https:\/\/www.letutudanza.it\/de\/wp-json\/wp\/v2\/product"}],"about":[{"href":"https:\/\/www.letutudanza.it\/de\/wp-json\/wp\/v2\/types\/product"}],"wp:featuredmedia":[{"embeddable":true,"href":"https:\/\/www.letutudanza.it\/de\/wp-json\/wp\/v2\/media\/325816"}],"wp:attachment":[{"href":"https:\/\/www.letutudanza.it\/de\/wp-json\/wp\/v2\/media?parent=362166"}],"wp:term":[{"taxonomy":"product_brand","embeddable":true,"href":"https:\/\/www.letutudanza.it\/de\/wp-json\/wp\/v2\/product_brand?post=362166"},{"taxonomy":"product_cat","embeddable":true,"href":"https:\/\/www.letutudanza.it\/de\/wp-json\/wp\/v2\/product_cat?post=362166"},{"taxonomy":"product_tag","embeddable":true,"href":"https:\/\/www.letutudanza.it\/de\/wp-json\/wp\/v2\/product_tag?post=362166"}],"curies":[{"name":"wp","href":"https:\/\/api.w.org\/{rel}","templated":true}]}}