{"id":361717,"date":"2021-07-11T23:23:10","date_gmt":"2021-07-11T21:23:10","guid":{"rendered":"https:\/\/letutudanza.it\/prodotto\/pantazumba-im-angebot"},"modified":"2024-12-25T12:50:29","modified_gmt":"2024-12-25T11:50:29","slug":"pantazumba-angebot","status":"publish","type":"product","link":"https:\/\/www.letutudanza.it\/de\/prodotto\/pantazumba-angebot","title":{"rendered":"Hip-Hop-Hose"},"content":{"rendered":"<p>Hose mit tiefem Schritt. Freie Schn\u00fcrsenkel an der Hose und verstellbare Schieber an den Kn\u00f6cheln. F\u00fcnf Taschen.<\/p>\n<p>Ideal f\u00fcr Disziplinen oder Shows wie Zumba oder Hip Hop.<\/p>\n<p>ANGEBOT G\u00dcLTIG, SOLANGE DER VORRAT REICHT.<\/p>\n","protected":false},"excerpt":{"rendered":"<p>Hose mit tiefem Schritt. Freie Schn\u00fcrsenkel an der Hose und verstellbare Schieber an den Kn\u00f6cheln. F\u00fcnf Taschen.<\/p>\n<p>Ideal f\u00fcr Disziplinen oder Shows wie Zumba oder Hip Hop.<\/p>\n<p>ANGEBOT G\u00dcLTIG, SOLANGE DER VORRAT REICHT.<\/p>\n","protected":false},"featured_media":324520,"template":"","meta":{"_acf_changed":false},"product_brand":[],"product_cat":[1511,1451],"product_tag":[],"class_list":{"0":"post-361717","1":"product","2":"type-product","3":"status-publish","4":"has-post-thumbnail","6":"product_cat-bekleidungs-outlet","7":"product_cat-auslauf","9":"first","10":"instock","11":"sale","12":"shipping-taxable","13":"purchasable","14":"product-type-variable"},"acf":[],"_links":{"self":[{"href":"https:\/\/www.letutudanza.it\/de\/wp-json\/wp\/v2\/product\/361717","targetHints":{"allow":["GET"]}}],"collection":[{"href":"https:\/\/www.letutudanza.it\/de\/wp-json\/wp\/v2\/product"}],"about":[{"href":"https:\/\/www.letutudanza.it\/de\/wp-json\/wp\/v2\/types\/product"}],"wp:featuredmedia":[{"embeddable":true,"href":"https:\/\/www.letutudanza.it\/de\/wp-json\/wp\/v2\/media\/324520"}],"wp:attachment":[{"href":"https:\/\/www.letutudanza.it\/de\/wp-json\/wp\/v2\/media?parent=361717"}],"wp:term":[{"taxonomy":"product_brand","embeddable":true,"href":"https:\/\/www.letutudanza.it\/de\/wp-json\/wp\/v2\/product_brand?post=361717"},{"taxonomy":"product_cat","embeddable":true,"href":"https:\/\/www.letutudanza.it\/de\/wp-json\/wp\/v2\/product_cat?post=361717"},{"taxonomy":"product_tag","embeddable":true,"href":"https:\/\/www.letutudanza.it\/de\/wp-json\/wp\/v2\/product_tag?post=361717"}],"curies":[{"name":"wp","href":"https:\/\/api.w.org\/{rel}","templated":true}]}}