{"id":360095,"date":"2021-07-11T23:08:39","date_gmt":"2021-07-11T21:08:39","guid":{"rendered":"https:\/\/letutudanza.it\/prodotto\/slip-bora"},"modified":"2025-09-15T10:01:37","modified_gmt":"2025-09-15T08:01:37","slug":"coulotte-bora","status":"publish","type":"product","link":"https:\/\/www.letutudanza.it\/de\/prodotto\/coulotte-bora","title":{"rendered":"Bora Dance Coulotte"},"content":{"rendered":"<p>Nahtloser High-Leg-Slip an den Oberschenkeln.<\/p>\n<p>Ideal zum Tragen am K\u00f6rper der Uniform. Auf Bestellung auch in anderen nicht aufgef\u00fchrten Farben erh\u00e4ltlich.<\/p>\n","protected":false},"excerpt":{"rendered":"<p>Nahtloser High-Leg-Slip an den Oberschenkeln.<\/p>\n<p>Ideal zum Tragen am K\u00f6rper der Uniform.<\/p>\n","protected":false},"featured_media":324514,"template":"","meta":{"_acf_changed":false},"product_brand":[],"product_cat":[1494,1513],"product_tag":[],"class_list":{"0":"post-360095","1":"product","2":"type-product","3":"status-publish","4":"has-post-thumbnail","6":"product_cat-hosen-und-shorts","7":"product_cat-kleidung","8":"pa_brand-dl-tanzkleidung","10":"first","11":"instock","12":"shipping-taxable","13":"purchasable","14":"product-type-variable"},"acf":[],"_links":{"self":[{"href":"https:\/\/www.letutudanza.it\/de\/wp-json\/wp\/v2\/product\/360095","targetHints":{"allow":["GET"]}}],"collection":[{"href":"https:\/\/www.letutudanza.it\/de\/wp-json\/wp\/v2\/product"}],"about":[{"href":"https:\/\/www.letutudanza.it\/de\/wp-json\/wp\/v2\/types\/product"}],"wp:featuredmedia":[{"embeddable":true,"href":"https:\/\/www.letutudanza.it\/de\/wp-json\/wp\/v2\/media\/324514"}],"wp:attachment":[{"href":"https:\/\/www.letutudanza.it\/de\/wp-json\/wp\/v2\/media?parent=360095"}],"wp:term":[{"taxonomy":"product_brand","embeddable":true,"href":"https:\/\/www.letutudanza.it\/de\/wp-json\/wp\/v2\/product_brand?post=360095"},{"taxonomy":"product_cat","embeddable":true,"href":"https:\/\/www.letutudanza.it\/de\/wp-json\/wp\/v2\/product_cat?post=360095"},{"taxonomy":"product_tag","embeddable":true,"href":"https:\/\/www.letutudanza.it\/de\/wp-json\/wp\/v2\/product_tag?post=360095"}],"curies":[{"name":"wp","href":"https:\/\/api.w.org\/{rel}","templated":true}]}}