{"id":358165,"date":"2021-07-11T20:27:09","date_gmt":"2021-07-11T18:27:09","guid":{"rendered":"https:\/\/letutudanza.it\/prodotto\/top-tramon"},"modified":"2026-01-13T21:03:30","modified_gmt":"2026-01-13T20:03:30","slug":"top-sonnenuntergang","status":"publish","type":"product","link":"https:\/\/www.letutudanza.it\/de\/prodotto\/top-sonnenuntergang","title":{"rendered":"Tramon Langarm-Wickeloberteil"},"content":{"rendered":"<p>Das <strong>Tramon Crossover Dance Wrap Top von DL Dancewear<\/strong> ist ein Funktionskleidungsst\u00fcck, das f\u00fcr T\u00e4nzerinnen und T\u00e4nzer <strong>der Mittel- und Oberstufe<\/strong> entwickelt wurde und sich ideal eignet, um Training und Proben komfortabel und elegant zu begleiten.<\/p>\n<p>Das <strong>geschlossene Crossover<\/strong> -Modell bietet eine stabile und umschlie\u00dfende Passform, w\u00e4hrend die <strong>langen \u00c4rmel mit B\u00fcndchen<\/strong> f\u00fcr hervorragenden Halt bei Bewegungen sorgen und die Muskeln gesch\u00fctzt und warm halten.<\/p>\n<p>Hergestellt aus hochwertigen Materialien, ist es in verschiedenen Ausf\u00fchrungen erh\u00e4ltlich, um den Bed\u00fcrfnissen jedes T\u00e4nzers gerecht zu werden:<\/p>\n<ul>\n<li><strong>Baumwolle<\/strong> : nat\u00fcrlich und atmungsaktiv f\u00fcr den t\u00e4glichen Gebrauch<\/li>\n<li><strong>Lycra<\/strong> : dehnbar und eng anliegend f\u00fcr eine klare Silhouette<\/li>\n<li><strong>Mikrofaser<\/strong> : leicht und komfortabel, schnelltrocknend<\/li>\n<li><strong>Samt<\/strong> : weich und edel, auch ideal f\u00fcr Tests und Aufs\u00e4tze.<\/li>\n<\/ul>\n<p>Das <strong>Tramon Top<\/strong> gew\u00e4hrleistet <strong>Bewegungsfreiheit,<\/strong> ohne die Definition der Brustlinie zu beeintr\u00e4chtigen, und eignet sich daher perfekt f\u00fcr die Verwendung \u00fcber dem Trikot w\u00e4hrend der Aufw\u00e4rm- und \u00dcbungsphasen im Studio.<\/p>\n","protected":false},"excerpt":{"rendered":"<p><strong>Lang\u00e4rmliges, wickelbares<\/strong> Tanzoberteil mit geschlossenen B\u00fcndchen f\u00fcr sicheren Halt. Ideal f\u00fcr <strong>Tanzkurse der Mittelstufe und Fortgeschrittene<\/strong> , bietet es Komfort und Bewegungsfreiheit. Erh\u00e4ltlich in <strong>Baumwolle, Lycra, Mikrofaser und Samt<\/strong> , in verschiedenen Gr\u00f6\u00dfen und Farben.  <\/p>\n","protected":false},"featured_media":325796,"template":"","meta":{"_acf_changed":false},"product_brand":[],"product_cat":[1523,1513,1529,1528],"product_tag":[],"class_list":{"0":"post-358165","1":"product","2":"type-product","3":"status-publish","4":"has-post-thumbnail","6":"product_cat-warmer-warmer","7":"product_cat-kleidung","8":"product_cat-spitzentanz","9":"product_cat-sweatshirts-t-shirts-und-tops","10":"pa_brand-dl-tanzkleidung","12":"first","13":"instock","14":"shipping-taxable","15":"purchasable","16":"product-type-variable"},"acf":[],"_links":{"self":[{"href":"https:\/\/www.letutudanza.it\/de\/wp-json\/wp\/v2\/product\/358165","targetHints":{"allow":["GET"]}}],"collection":[{"href":"https:\/\/www.letutudanza.it\/de\/wp-json\/wp\/v2\/product"}],"about":[{"href":"https:\/\/www.letutudanza.it\/de\/wp-json\/wp\/v2\/types\/product"}],"wp:featuredmedia":[{"embeddable":true,"href":"https:\/\/www.letutudanza.it\/de\/wp-json\/wp\/v2\/media\/325796"}],"wp:attachment":[{"href":"https:\/\/www.letutudanza.it\/de\/wp-json\/wp\/v2\/media?parent=358165"}],"wp:term":[{"taxonomy":"product_brand","embeddable":true,"href":"https:\/\/www.letutudanza.it\/de\/wp-json\/wp\/v2\/product_brand?post=358165"},{"taxonomy":"product_cat","embeddable":true,"href":"https:\/\/www.letutudanza.it\/de\/wp-json\/wp\/v2\/product_cat?post=358165"},{"taxonomy":"product_tag","embeddable":true,"href":"https:\/\/www.letutudanza.it\/de\/wp-json\/wp\/v2\/product_tag?post=358165"}],"curies":[{"name":"wp","href":"https:\/\/api.w.org\/{rel}","templated":true}]}}