{"id":356619,"date":"2021-07-11T20:23:15","date_gmt":"2021-07-11T18:23:15","guid":{"rendered":"https:\/\/letutudanza.it\/prodotto\/julia-oben"},"modified":"2025-09-15T12:05:24","modified_gmt":"2025-09-15T10:05:24","slug":"top-juliet","status":"publish","type":"product","link":"https:\/\/www.letutudanza.it\/de\/prodotto\/top-juliet","title":{"rendered":"Giulietta tr\u00e4gerloses Tanzoberteil"},"content":{"rendered":"<p>Tr\u00e4gertop mit Brustfalten.<\/p>\n","protected":false},"excerpt":{"rendered":"<p>Tr\u00e4gertop mit Brustabn\u00e4hern f\u00fcr eine bessere Passform.<\/p>\n","protected":false},"featured_media":325794,"template":"","meta":{"_acf_changed":false},"product_brand":[],"product_cat":[1529,1513,1528],"product_tag":[],"class_list":{"0":"post-356619","1":"product","2":"type-product","3":"status-publish","4":"has-post-thumbnail","6":"product_cat-spitzentanz","7":"product_cat-kleidung","8":"product_cat-sweatshirts-t-shirts-und-tops","9":"pa_brand-dl-tanzkleidung","11":"first","12":"instock","13":"shipping-taxable","14":"purchasable","15":"product-type-variable"},"acf":[],"_links":{"self":[{"href":"https:\/\/www.letutudanza.it\/de\/wp-json\/wp\/v2\/product\/356619","targetHints":{"allow":["GET"]}}],"collection":[{"href":"https:\/\/www.letutudanza.it\/de\/wp-json\/wp\/v2\/product"}],"about":[{"href":"https:\/\/www.letutudanza.it\/de\/wp-json\/wp\/v2\/types\/product"}],"wp:featuredmedia":[{"embeddable":true,"href":"https:\/\/www.letutudanza.it\/de\/wp-json\/wp\/v2\/media\/325794"}],"wp:attachment":[{"href":"https:\/\/www.letutudanza.it\/de\/wp-json\/wp\/v2\/media?parent=356619"}],"wp:term":[{"taxonomy":"product_brand","embeddable":true,"href":"https:\/\/www.letutudanza.it\/de\/wp-json\/wp\/v2\/product_brand?post=356619"},{"taxonomy":"product_cat","embeddable":true,"href":"https:\/\/www.letutudanza.it\/de\/wp-json\/wp\/v2\/product_cat?post=356619"},{"taxonomy":"product_tag","embeddable":true,"href":"https:\/\/www.letutudanza.it\/de\/wp-json\/wp\/v2\/product_tag?post=356619"}],"curies":[{"name":"wp","href":"https:\/\/api.w.org\/{rel}","templated":true}]}}