{"id":355314,"date":"2021-07-11T19:42:49","date_gmt":"2021-07-11T17:42:49","guid":{"rendered":"https:\/\/letutudanza.it\/prodotto\/koerper-noch"},"modified":"2025-09-13T21:36:47","modified_gmt":"2025-09-13T19:36:47","slug":"korper-noch","status":"publish","type":"product","link":"https:\/\/www.letutudanza.it\/de\/prodotto\/korper-noch","title":{"rendered":"Amerika-Tanzbody Still mit Ausschnitt"},"content":{"rendered":"<p>Armloch-Body mit Paspeln, Tropfenausschnitt auf der R\u00fcckseite und Schn\u00fcrverschluss. Auf Bestellung gefertigt, auch in nicht aufgef\u00fchrten Gr\u00f6\u00dfen und Farben erh\u00e4ltlich<\/p>\n<p>Vorne gef\u00fcttert.<\/p>\n","protected":false},"excerpt":{"rendered":"<p>Body mit Schl\u00fcssellochausschnitt am R\u00fccken und Schn\u00fcrverschluss. Vorne gef\u00fcttert.<\/p>\n","protected":false},"featured_media":325776,"template":"","meta":{"_acf_changed":false},"product_brand":[],"product_cat":[1513,1550],"product_tag":[1552],"class_list":{"0":"post-355314","1":"product","2":"type-product","3":"status-publish","4":"has-post-thumbnail","6":"product_cat-kleidung","7":"product_cat-korper-tanz","8":"product_tag-balletttrikot-fur-erwachsene","9":"pa_brand-dl-tanzkleidung","11":"first","12":"instock","13":"shipping-taxable","14":"purchasable","15":"product-type-variable"},"acf":[],"_links":{"self":[{"href":"https:\/\/www.letutudanza.it\/de\/wp-json\/wp\/v2\/product\/355314","targetHints":{"allow":["GET"]}}],"collection":[{"href":"https:\/\/www.letutudanza.it\/de\/wp-json\/wp\/v2\/product"}],"about":[{"href":"https:\/\/www.letutudanza.it\/de\/wp-json\/wp\/v2\/types\/product"}],"wp:featuredmedia":[{"embeddable":true,"href":"https:\/\/www.letutudanza.it\/de\/wp-json\/wp\/v2\/media\/325776"}],"wp:attachment":[{"href":"https:\/\/www.letutudanza.it\/de\/wp-json\/wp\/v2\/media?parent=355314"}],"wp:term":[{"taxonomy":"product_brand","embeddable":true,"href":"https:\/\/www.letutudanza.it\/de\/wp-json\/wp\/v2\/product_brand?post=355314"},{"taxonomy":"product_cat","embeddable":true,"href":"https:\/\/www.letutudanza.it\/de\/wp-json\/wp\/v2\/product_cat?post=355314"},{"taxonomy":"product_tag","embeddable":true,"href":"https:\/\/www.letutudanza.it\/de\/wp-json\/wp\/v2\/product_tag?post=355314"}],"curies":[{"name":"wp","href":"https:\/\/api.w.org\/{rel}","templated":true}]}}