{"id":353933,"date":"2021-07-11T16:01:13","date_gmt":"2021-07-11T14:01:13","guid":{"rendered":"https:\/\/letutudanza.it\/prodotto\/koerper-julia"},"modified":"2025-09-12T15:03:41","modified_gmt":"2025-09-12T13:03:41","slug":"korper-julia","status":"publish","type":"product","link":"https:\/\/www.letutudanza.it\/de\/prodotto\/korper-julia","title":{"rendered":"Giulietta Tr\u00e4ger-Tanztrikot"},"content":{"rendered":"<p>K\u00f6rper Julia. Body mit Tr\u00e4gern und Rundhalsausschnitt.<br \/>\nAkademisches Studienmodell, ideal f\u00fcr alle Studieng\u00e4nge und f\u00fcr jedes Alter.<\/p>\n<p>Vorne gef\u00fcttert.<\/p>\n","protected":false},"excerpt":{"rendered":"<p>Body mit Tr\u00e4gern und Rundhalsausschnitt. Ideal f\u00fcr alle Kurse und f\u00fcr alle Altersgruppen. Vorne gef\u00fcttert.<\/p>\n","protected":false},"featured_media":325722,"template":"","meta":{"_acf_changed":false},"product_brand":[],"product_cat":[1513,1550],"product_tag":[1552],"class_list":{"0":"post-353933","1":"product","2":"type-product","3":"status-publish","4":"has-post-thumbnail","6":"product_cat-kleidung","7":"product_cat-korper-tanz","8":"product_tag-balletttrikot-fur-erwachsene","9":"pa_brand-dl-tanzkleidung","11":"first","12":"instock","13":"shipping-taxable","14":"purchasable","15":"product-type-variable"},"acf":[],"_links":{"self":[{"href":"https:\/\/www.letutudanza.it\/de\/wp-json\/wp\/v2\/product\/353933","targetHints":{"allow":["GET"]}}],"collection":[{"href":"https:\/\/www.letutudanza.it\/de\/wp-json\/wp\/v2\/product"}],"about":[{"href":"https:\/\/www.letutudanza.it\/de\/wp-json\/wp\/v2\/types\/product"}],"wp:featuredmedia":[{"embeddable":true,"href":"https:\/\/www.letutudanza.it\/de\/wp-json\/wp\/v2\/media\/325722"}],"wp:attachment":[{"href":"https:\/\/www.letutudanza.it\/de\/wp-json\/wp\/v2\/media?parent=353933"}],"wp:term":[{"taxonomy":"product_brand","embeddable":true,"href":"https:\/\/www.letutudanza.it\/de\/wp-json\/wp\/v2\/product_brand?post=353933"},{"taxonomy":"product_cat","embeddable":true,"href":"https:\/\/www.letutudanza.it\/de\/wp-json\/wp\/v2\/product_cat?post=353933"},{"taxonomy":"product_tag","embeddable":true,"href":"https:\/\/www.letutudanza.it\/de\/wp-json\/wp\/v2\/product_tag?post=353933"}],"curies":[{"name":"wp","href":"https:\/\/api.w.org\/{rel}","templated":true}]}}