{"id":352389,"date":"2021-07-11T19:25:57","date_gmt":"2021-07-11T17:25:57","guid":{"rendered":"https:\/\/letutudanza.it\/prodotto\/koerper-mond"},"modified":"2025-09-12T17:18:27","modified_gmt":"2025-09-12T15:18:27","slug":"korper-mond","status":"publish","type":"product","link":"https:\/\/www.letutudanza.it\/de\/prodotto\/korper-mond","title":{"rendered":"Luna-Tanztrikot mit Wasserfallausschnitt auf der R\u00fcckseite"},"content":{"rendered":"<p>Body mit breiten Tr\u00e4gern. Brust geschnitten. Besonderer Ausschnitt auf der R\u00fcckseite, der mit einem elastischen Kreis abgeschlossen ist.<\/p>\n<p>K\u00f6rper nach vorne gef\u00fcttert.<\/p>\n","protected":false},"excerpt":{"rendered":"<p>Body mit breiten Tr\u00e4gern. Brust geschnitten. Besonderer Ausschnitt auf der R\u00fcckseite, der mit einem elastischen Kreis abgeschlossen ist. Vorne gef\u00fcttert.<\/p>\n","protected":false},"featured_media":325762,"template":"","meta":{"_acf_changed":false},"product_brand":[],"product_cat":[1513,1550],"product_tag":[1552],"class_list":{"0":"post-352389","1":"product","2":"type-product","3":"status-publish","4":"has-post-thumbnail","6":"product_cat-kleidung","7":"product_cat-korper-tanz","8":"product_tag-balletttrikot-fur-erwachsene","9":"pa_brand-dl-tanzkleidung","11":"first","12":"instock","13":"shipping-taxable","14":"purchasable","15":"product-type-variable"},"acf":[],"_links":{"self":[{"href":"https:\/\/www.letutudanza.it\/de\/wp-json\/wp\/v2\/product\/352389","targetHints":{"allow":["GET"]}}],"collection":[{"href":"https:\/\/www.letutudanza.it\/de\/wp-json\/wp\/v2\/product"}],"about":[{"href":"https:\/\/www.letutudanza.it\/de\/wp-json\/wp\/v2\/types\/product"}],"wp:featuredmedia":[{"embeddable":true,"href":"https:\/\/www.letutudanza.it\/de\/wp-json\/wp\/v2\/media\/325762"}],"wp:attachment":[{"href":"https:\/\/www.letutudanza.it\/de\/wp-json\/wp\/v2\/media?parent=352389"}],"wp:term":[{"taxonomy":"product_brand","embeddable":true,"href":"https:\/\/www.letutudanza.it\/de\/wp-json\/wp\/v2\/product_brand?post=352389"},{"taxonomy":"product_cat","embeddable":true,"href":"https:\/\/www.letutudanza.it\/de\/wp-json\/wp\/v2\/product_cat?post=352389"},{"taxonomy":"product_tag","embeddable":true,"href":"https:\/\/www.letutudanza.it\/de\/wp-json\/wp\/v2\/product_tag?post=352389"}],"curies":[{"name":"wp","href":"https:\/\/api.w.org\/{rel}","templated":true}]}}