{"id":351246,"date":"2021-07-11T19:14:20","date_gmt":"2021-07-11T17:14:20","guid":{"rendered":"https:\/\/letutudanza.it\/prodotto\/koerper-mariella"},"modified":"2025-11-18T17:28:58","modified_gmt":"2025-11-18T16:28:58","slug":"korper-mariella","status":"publish","type":"product","link":"https:\/\/www.letutudanza.it\/de\/prodotto\/korper-mariella","title":{"rendered":"Mariella-Tanzbody mit gekreuzten Tr\u00e4gern am R\u00fccken"},"content":{"rendered":"<p>Ideal f\u00fcr Fortgeschrittenenkurse.<\/p>\n","protected":false},"excerpt":{"rendered":"<p>Tanktop-Body, Unterbrustausschnitt mit erh\u00f6htem elastischem Saum.<br \/>\n Tiefer R\u00fcckenausschnitt mit gekreuzten Tr\u00e4gern.<br \/>\n Gef\u00fctterte Vorderseite.<\/p>\n","protected":false},"featured_media":476812,"template":"","meta":{"_acf_changed":false},"product_brand":[],"product_cat":[1513,1550],"product_tag":[1552],"class_list":{"0":"post-351246","1":"product","2":"type-product","3":"status-publish","4":"has-post-thumbnail","6":"product_cat-kleidung","7":"product_cat-korper-tanz","8":"product_tag-balletttrikot-fur-erwachsene","9":"pa_brand-dl-tanzkleidung","11":"first","12":"instock","13":"shipping-taxable","14":"purchasable","15":"product-type-variable","16":"has-default-attributes"},"acf":[],"_links":{"self":[{"href":"https:\/\/www.letutudanza.it\/de\/wp-json\/wp\/v2\/product\/351246","targetHints":{"allow":["GET"]}}],"collection":[{"href":"https:\/\/www.letutudanza.it\/de\/wp-json\/wp\/v2\/product"}],"about":[{"href":"https:\/\/www.letutudanza.it\/de\/wp-json\/wp\/v2\/types\/product"}],"wp:featuredmedia":[{"embeddable":true,"href":"https:\/\/www.letutudanza.it\/de\/wp-json\/wp\/v2\/media\/476812"}],"wp:attachment":[{"href":"https:\/\/www.letutudanza.it\/de\/wp-json\/wp\/v2\/media?parent=351246"}],"wp:term":[{"taxonomy":"product_brand","embeddable":true,"href":"https:\/\/www.letutudanza.it\/de\/wp-json\/wp\/v2\/product_brand?post=351246"},{"taxonomy":"product_cat","embeddable":true,"href":"https:\/\/www.letutudanza.it\/de\/wp-json\/wp\/v2\/product_cat?post=351246"},{"taxonomy":"product_tag","embeddable":true,"href":"https:\/\/www.letutudanza.it\/de\/wp-json\/wp\/v2\/product_tag?post=351246"}],"curies":[{"name":"wp","href":"https:\/\/api.w.org\/{rel}","templated":true}]}}