{"id":351097,"date":"2021-07-11T15:03:22","date_gmt":"2021-07-11T13:03:22","guid":{"rendered":"https:\/\/letutudanza.it\/prodotto\/koerper-fiorella"},"modified":"2025-09-13T21:07:48","modified_gmt":"2025-09-13T19:07:48","slug":"korperblume","status":"publish","type":"product","link":"https:\/\/www.letutudanza.it\/de\/prodotto\/korperblume","title":{"rendered":"Tanztrikot mit Bl\u00fctenblattschnitzerei auf der R\u00fcckseite Fiorella"},"content":{"rendered":"<p>Camisole-Bodysuit mit Rundhalsausschnitt auf der Vorderseite. Zur\u00fcck nach hinten fallend und mit drei Bl\u00fctenblattausschnitten abgeschlossen.<\/p>\n<p>K\u00f6rper nach vorne gef\u00fcttert.<\/p>\n","protected":false},"excerpt":{"rendered":"<p>Camisole-Bodysuit mit Rundhalsausschnitt auf der Vorderseite. Hinten tief ausgeschnitten und mit drei bl\u00fctenblattf\u00f6rmigen Schnitzereien versehen.<\/p>\n<p>Vorne gef\u00fcttert.<\/p>\n","protected":false},"featured_media":325738,"template":"","meta":{"_acf_changed":false},"product_brand":[],"product_cat":[1513,1550],"product_tag":[1552],"class_list":{"0":"post-351097","1":"product","2":"type-product","3":"status-publish","4":"has-post-thumbnail","6":"product_cat-kleidung","7":"product_cat-korper-tanz","8":"product_tag-balletttrikot-fur-erwachsene","9":"pa_brand-dl-tanzkleidung","11":"first","12":"instock","13":"shipping-taxable","14":"purchasable","15":"product-type-variable"},"acf":[],"_links":{"self":[{"href":"https:\/\/www.letutudanza.it\/de\/wp-json\/wp\/v2\/product\/351097","targetHints":{"allow":["GET"]}}],"collection":[{"href":"https:\/\/www.letutudanza.it\/de\/wp-json\/wp\/v2\/product"}],"about":[{"href":"https:\/\/www.letutudanza.it\/de\/wp-json\/wp\/v2\/types\/product"}],"wp:featuredmedia":[{"embeddable":true,"href":"https:\/\/www.letutudanza.it\/de\/wp-json\/wp\/v2\/media\/325738"}],"wp:attachment":[{"href":"https:\/\/www.letutudanza.it\/de\/wp-json\/wp\/v2\/media?parent=351097"}],"wp:term":[{"taxonomy":"product_brand","embeddable":true,"href":"https:\/\/www.letutudanza.it\/de\/wp-json\/wp\/v2\/product_brand?post=351097"},{"taxonomy":"product_cat","embeddable":true,"href":"https:\/\/www.letutudanza.it\/de\/wp-json\/wp\/v2\/product_cat?post=351097"},{"taxonomy":"product_tag","embeddable":true,"href":"https:\/\/www.letutudanza.it\/de\/wp-json\/wp\/v2\/product_tag?post=351097"}],"curies":[{"name":"wp","href":"https:\/\/api.w.org\/{rel}","templated":true}]}}