{"id":349768,"date":"2021-07-11T18:53:28","date_gmt":"2021-07-11T16:53:28","guid":{"rendered":"https:\/\/letutudanza.it\/prodotto\/koerperrad-1"},"modified":"2025-09-12T14:02:13","modified_gmt":"2025-09-12T12:02:13","slug":"body-rad-1","status":"publish","type":"product","link":"https:\/\/www.letutudanza.it\/de\/prodotto\/body-rad-1","title":{"rendered":"Rad 2 geraffter Camisole-Tanzbody"},"content":{"rendered":"<p>Body Rad 1: Camisole-Body mit Frontschnitt und &#8220;Prise&#8221; an der Brust. Rundhalsausschnitt auf der R\u00fcckseite.<\/p>\n<p>Ideal f\u00fcr Mittel- oder Fortgeschrittenenkurse und f\u00fcr klassische und charakterliche Disziplinen.<\/p>\n<p>Vorne gef\u00fcttert<\/p>\n","protected":false},"excerpt":{"rendered":"<p>Body Rad 1: Camisole-Body mit Frontschnitt und &#8220;Prise&#8221; an der Brust. Rundhalsausschnitt auf der R\u00fcckseite. Ideal f\u00fcr Mittel- oder Fortgeschrittenenkurse und f\u00fcr klassische und charakterliche Disziplinen. Vorne gef\u00fcttert<\/p>\n","protected":false},"featured_media":325724,"template":"","meta":{"_acf_changed":false},"product_brand":[],"product_cat":[1513,1550],"product_tag":[1552],"class_list":{"0":"post-349768","1":"product","2":"type-product","3":"status-publish","4":"has-post-thumbnail","6":"product_cat-kleidung","7":"product_cat-korper-tanz","8":"product_tag-balletttrikot-fur-erwachsene","9":"pa_brand-dl-tanzkleidung","11":"first","12":"instock","13":"shipping-taxable","14":"purchasable","15":"product-type-variable"},"acf":[],"_links":{"self":[{"href":"https:\/\/www.letutudanza.it\/de\/wp-json\/wp\/v2\/product\/349768","targetHints":{"allow":["GET"]}}],"collection":[{"href":"https:\/\/www.letutudanza.it\/de\/wp-json\/wp\/v2\/product"}],"about":[{"href":"https:\/\/www.letutudanza.it\/de\/wp-json\/wp\/v2\/types\/product"}],"wp:featuredmedia":[{"embeddable":true,"href":"https:\/\/www.letutudanza.it\/de\/wp-json\/wp\/v2\/media\/325724"}],"wp:attachment":[{"href":"https:\/\/www.letutudanza.it\/de\/wp-json\/wp\/v2\/media?parent=349768"}],"wp:term":[{"taxonomy":"product_brand","embeddable":true,"href":"https:\/\/www.letutudanza.it\/de\/wp-json\/wp\/v2\/product_brand?post=349768"},{"taxonomy":"product_cat","embeddable":true,"href":"https:\/\/www.letutudanza.it\/de\/wp-json\/wp\/v2\/product_cat?post=349768"},{"taxonomy":"product_tag","embeddable":true,"href":"https:\/\/www.letutudanza.it\/de\/wp-json\/wp\/v2\/product_tag?post=349768"}],"curies":[{"name":"wp","href":"https:\/\/api.w.org\/{rel}","templated":true}]}}