{"id":349364,"date":"2021-07-02T03:44:18","date_gmt":"2021-07-02T01:44:18","guid":{"rendered":"https:\/\/letutudanza.it\/prodotto\/achselzucken-danny"},"modified":"2026-01-11T10:07:24","modified_gmt":"2026-01-11T09:07:24","slug":"schal-dany","status":"publish","type":"product","link":"https:\/\/www.letutudanza.it\/de\/prodotto\/schal-dany","title":{"rendered":"Dany Langarm-Tanzj\u00e4ckchen"},"content":{"rendered":"<p><strong>Eigenschaften:<\/strong><\/p>\n<ul>\n<li>Schmale Passform<\/li>\n<li>Langarm<\/li>\n<li>Hintere Schulterblattabdeckung<\/li>\n<li>Ideal zum Aufw\u00e4rmen und Tanz\u00fcben<\/li>\n<li>Marke: DL Dancewear<\/li>\n<\/ul>\n","protected":false},"excerpt":{"rendered":"<p data-start=\"651\" data-end=\"999\">Eng anliegender, <strong data-start=\"708\" data-end=\"724\">lang\u00e4rmeliger<\/strong> <strong data-start=\"651\" data-end=\"693\">Bolero<\/strong> , ideal zum Aufw\u00e4rmen und Training.<br data-start=\"765\" data-end=\"768\"> Das Design mit <strong data-start=\"782\" data-end=\"816\">r\u00fcckseitiger Schulterblattabdeckung<\/strong> gew\u00e4hrleistet Komfort und Bewegungsfreiheit und h\u00e4lt die Muskulatur warm, ohne die technischen Bewegungsabl\u00e4ufe einzuschr\u00e4nken.<br data-start=\"923\" data-end=\"926\"> Perfekt geeignet f\u00fcr <strong data-start=\"939\" data-end=\"982\">klassische, moderne und zeitgen\u00f6ssische Tanzstudien<\/strong> und -proben.<\/p>\n","protected":false},"featured_media":476791,"template":"","meta":{"_acf_changed":false},"product_brand":[],"product_cat":[1523,1513,1522,1529,1528],"product_tag":[],"class_list":{"0":"post-349364","1":"product","2":"type-product","3":"status-publish","4":"has-post-thumbnail","6":"product_cat-warmer-warmer","7":"product_cat-kleidung","8":"product_cat-sich-warm-laufen","9":"product_cat-spitzentanz","10":"product_cat-sweatshirts-t-shirts-und-tops","11":"pa_brand-dl-tanzkleidung","13":"first","14":"instock","15":"shipping-taxable","16":"purchasable","17":"product-type-variable"},"acf":[],"_links":{"self":[{"href":"https:\/\/www.letutudanza.it\/de\/wp-json\/wp\/v2\/product\/349364","targetHints":{"allow":["GET"]}}],"collection":[{"href":"https:\/\/www.letutudanza.it\/de\/wp-json\/wp\/v2\/product"}],"about":[{"href":"https:\/\/www.letutudanza.it\/de\/wp-json\/wp\/v2\/types\/product"}],"wp:featuredmedia":[{"embeddable":true,"href":"https:\/\/www.letutudanza.it\/de\/wp-json\/wp\/v2\/media\/476791"}],"wp:attachment":[{"href":"https:\/\/www.letutudanza.it\/de\/wp-json\/wp\/v2\/media?parent=349364"}],"wp:term":[{"taxonomy":"product_brand","embeddable":true,"href":"https:\/\/www.letutudanza.it\/de\/wp-json\/wp\/v2\/product_brand?post=349364"},{"taxonomy":"product_cat","embeddable":true,"href":"https:\/\/www.letutudanza.it\/de\/wp-json\/wp\/v2\/product_cat?post=349364"},{"taxonomy":"product_tag","embeddable":true,"href":"https:\/\/www.letutudanza.it\/de\/wp-json\/wp\/v2\/product_tag?post=349364"}],"curies":[{"name":"wp","href":"https:\/\/api.w.org\/{rel}","templated":true}]}}