{"id":348651,"date":"2021-07-02T03:37:37","date_gmt":"2021-07-02T01:37:37","guid":{"rendered":"https:\/\/letutudanza.it\/prodotto\/maya-tunika"},"modified":"2025-09-15T14:29:08","modified_gmt":"2025-09-15T12:29:08","slug":"tunika-maya","status":"publish","type":"product","link":"https:\/\/www.letutudanza.it\/de\/prodotto\/tunika-maya","title":{"rendered":"Maya-Tanz-Sweatshirt mit Kapuze"},"content":{"rendered":"<p>NB: Artikel, der mit Ihrem Schullogo personalisierbar ist (Mindestbestellmenge 20 St\u00fcck, f\u00fcr weitere Informationen kontaktieren Sie uns)<br \/>\nDas Logo auf der R\u00fcckseite dient der Veranschaulichung<\/p>\n","protected":false},"excerpt":{"rendered":"<p>Langarm-Tunika mit Rei\u00dfverschluss und verstellbarem Kordelzug in der Taille.<br \/>\nGro\u00dfe Kapuze und gro\u00dfe Taschen vorne.<br \/>\nAbn\u00e4her auf der R\u00fcckseite f\u00fcr eine perfekte Passform.<\/p>\n<p>&nbsp;<\/p>\n","protected":false},"featured_media":477169,"template":"","meta":{"_acf_changed":false},"product_brand":[],"product_cat":[1699,1513,1528],"product_tag":[],"class_list":{"0":"post-348651","1":"product","2":"type-product","3":"status-publish","4":"has-post-thumbnail","6":"product_cat-tanz-sweatshirts","7":"product_cat-kleidung","8":"product_cat-sweatshirts-t-shirts-und-tops","9":"pa_brand-dl-tanzkleidung","11":"first","12":"instock","13":"shipping-taxable","14":"purchasable","15":"product-type-variable"},"acf":[],"_links":{"self":[{"href":"https:\/\/www.letutudanza.it\/de\/wp-json\/wp\/v2\/product\/348651","targetHints":{"allow":["GET"]}}],"collection":[{"href":"https:\/\/www.letutudanza.it\/de\/wp-json\/wp\/v2\/product"}],"about":[{"href":"https:\/\/www.letutudanza.it\/de\/wp-json\/wp\/v2\/types\/product"}],"wp:featuredmedia":[{"embeddable":true,"href":"https:\/\/www.letutudanza.it\/de\/wp-json\/wp\/v2\/media\/477169"}],"wp:attachment":[{"href":"https:\/\/www.letutudanza.it\/de\/wp-json\/wp\/v2\/media?parent=348651"}],"wp:term":[{"taxonomy":"product_brand","embeddable":true,"href":"https:\/\/www.letutudanza.it\/de\/wp-json\/wp\/v2\/product_brand?post=348651"},{"taxonomy":"product_cat","embeddable":true,"href":"https:\/\/www.letutudanza.it\/de\/wp-json\/wp\/v2\/product_cat?post=348651"},{"taxonomy":"product_tag","embeddable":true,"href":"https:\/\/www.letutudanza.it\/de\/wp-json\/wp\/v2\/product_tag?post=348651"}],"curies":[{"name":"wp","href":"https:\/\/api.w.org\/{rel}","templated":true}]}}