{"id":348139,"date":"2021-07-02T03:53:45","date_gmt":"2021-07-02T01:53:45","guid":{"rendered":"https:\/\/letutudanza.it\/prodotto\/klassischer-pullover"},"modified":"2026-01-13T20:55:36","modified_gmt":"2026-01-13T19:55:36","slug":"classic-golf","status":"publish","type":"product","link":"https:\/\/www.letutudanza.it\/de\/prodotto\/classic-golf","title":{"rendered":"Klassischer Langarm-Crossover-Tanzpullover"},"content":{"rendered":"<p>Der <strong>klassische Tanzpullover von DL Dancewear<\/strong> ist ein unverzichtbares Kleidungsst\u00fcck f\u00fcr <strong>das Muskelaufw\u00e4rmen von T\u00e4nzern<\/strong> und eignet sich ideal vor und nach dem Unterricht.<br \/>\n Das \u00fcberkreuzte Design mit <strong>breiten Schn\u00fcrsenkeln<\/strong> sorgt f\u00fcr einen stabilen und bequemen Sitz.<\/p>\n<p><strong>Lange \u00c4rmel mit geschlossenen B\u00fcndchen<\/strong> helfen, die K\u00f6rperw\u00e4rme zu erhalten, f\u00f6rdern eine optimale Muskelvorbereitung und verringern das Verletzungsrisiko.<\/p>\n<h3>Eigenschaften<\/h3>\n<ul>\n<li>Typ: Klassische Tanzstrickjacke<\/li>\n<li>Modell: Crossover mit breiten Schn\u00fcrsenkeln<\/li>\n<li>\u00c4rmel: Lang mit B\u00fcndchen<\/li>\n<li>Marke: DL Dancewear<\/li>\n<li>Anwendung: Aufw\u00e4rm\u00fcbung, Vor- und Nachbereitung des Unterrichts<\/li>\n<\/ul>\n","protected":false},"excerpt":{"rendered":"<p>Klassischer <strong>Wickel-Tanzpullover mit breiten Kordelz\u00fcgen und langen \u00c4rmeln<\/strong> , ideal zum Aufw\u00e4rmen vor und nach dem Unterricht. Erh\u00e4ltlich in <strong>Baumwolle, Fleece oder Mikrofaser<\/strong> , f\u00fcr M\u00e4dchen und Erwachsene. <\/p>\n","protected":false},"featured_media":434607,"template":"","meta":{"_acf_changed":false},"product_brand":[],"product_cat":[1528,1513,1522,1529,1523],"product_tag":[],"class_list":{"0":"post-348139","1":"product","2":"type-product","3":"status-publish","4":"has-post-thumbnail","6":"product_cat-sweatshirts-t-shirts-und-tops","7":"product_cat-kleidung","8":"product_cat-sich-warm-laufen","9":"product_cat-spitzentanz","10":"product_cat-warmer-warmer","11":"pa_brand-dl-tanzkleidung","13":"first","14":"instock","15":"shipping-taxable","16":"purchasable","17":"product-type-variable"},"acf":[],"_links":{"self":[{"href":"https:\/\/www.letutudanza.it\/de\/wp-json\/wp\/v2\/product\/348139","targetHints":{"allow":["GET"]}}],"collection":[{"href":"https:\/\/www.letutudanza.it\/de\/wp-json\/wp\/v2\/product"}],"about":[{"href":"https:\/\/www.letutudanza.it\/de\/wp-json\/wp\/v2\/types\/product"}],"wp:featuredmedia":[{"embeddable":true,"href":"https:\/\/www.letutudanza.it\/de\/wp-json\/wp\/v2\/media\/434607"}],"wp:attachment":[{"href":"https:\/\/www.letutudanza.it\/de\/wp-json\/wp\/v2\/media?parent=348139"}],"wp:term":[{"taxonomy":"product_brand","embeddable":true,"href":"https:\/\/www.letutudanza.it\/de\/wp-json\/wp\/v2\/product_brand?post=348139"},{"taxonomy":"product_cat","embeddable":true,"href":"https:\/\/www.letutudanza.it\/de\/wp-json\/wp\/v2\/product_cat?post=348139"},{"taxonomy":"product_tag","embeddable":true,"href":"https:\/\/www.letutudanza.it\/de\/wp-json\/wp\/v2\/product_tag?post=348139"}],"curies":[{"name":"wp","href":"https:\/\/api.w.org\/{rel}","templated":true}]}}