{"id":348044,"date":"2021-07-10T17:31:42","date_gmt":"2021-07-10T15:31:42","guid":{"rendered":"https:\/\/letutudanza.it\/prodotto\/koerper-ciretta"},"modified":"2025-09-13T21:30:17","modified_gmt":"2025-09-13T19:30:17","slug":"korper-ciretta","status":"publish","type":"product","link":"https:\/\/www.letutudanza.it\/de\/prodotto\/korper-ciretta","title":{"rendered":"Ciretta-Tanzbody mit Locken und Kreuzmustern"},"content":{"rendered":"<p>Tr\u00e4gerloser Body mit fixierter Locke an der Brust und Schnitt auf der Vorderseite. Kleines Kreuz unten am R\u00fccken.<\/p>\n<p>K\u00f6rper nach vorne gef\u00fcttert.<\/p>\n","protected":false},"excerpt":{"rendered":"<p>Tr\u00e4gerloser Body mit fixierter Locke an der Brust und Schnitt auf der Vorderseite. Kleines Kreuz unten auf der R\u00fcckseite. Vorne gef\u00fcttert.<\/p>\n","protected":false},"featured_media":325716,"template":"","meta":{"_acf_changed":false},"product_brand":[],"product_cat":[1513,1550],"product_tag":[1552],"class_list":{"0":"post-348044","1":"product","2":"type-product","3":"status-publish","4":"has-post-thumbnail","6":"product_cat-kleidung","7":"product_cat-korper-tanz","8":"product_tag-balletttrikot-fur-erwachsene","9":"pa_brand-dl-tanzkleidung","11":"first","12":"instock","13":"shipping-taxable","14":"purchasable","15":"product-type-variable"},"acf":[],"_links":{"self":[{"href":"https:\/\/www.letutudanza.it\/de\/wp-json\/wp\/v2\/product\/348044","targetHints":{"allow":["GET"]}}],"collection":[{"href":"https:\/\/www.letutudanza.it\/de\/wp-json\/wp\/v2\/product"}],"about":[{"href":"https:\/\/www.letutudanza.it\/de\/wp-json\/wp\/v2\/types\/product"}],"wp:featuredmedia":[{"embeddable":true,"href":"https:\/\/www.letutudanza.it\/de\/wp-json\/wp\/v2\/media\/325716"}],"wp:attachment":[{"href":"https:\/\/www.letutudanza.it\/de\/wp-json\/wp\/v2\/media?parent=348044"}],"wp:term":[{"taxonomy":"product_brand","embeddable":true,"href":"https:\/\/www.letutudanza.it\/de\/wp-json\/wp\/v2\/product_brand?post=348044"},{"taxonomy":"product_cat","embeddable":true,"href":"https:\/\/www.letutudanza.it\/de\/wp-json\/wp\/v2\/product_cat?post=348044"},{"taxonomy":"product_tag","embeddable":true,"href":"https:\/\/www.letutudanza.it\/de\/wp-json\/wp\/v2\/product_tag?post=348044"}],"curies":[{"name":"wp","href":"https:\/\/api.w.org\/{rel}","templated":true}]}}