{"id":347777,"date":"2020-07-02T03:29:07","date_gmt":"2020-07-02T01:29:07","guid":{"rendered":"https:\/\/letutudanza.it\/prodotto\/koerper-amalia"},"modified":"2025-09-13T21:24:04","modified_gmt":"2025-09-13T19:24:04","slug":"body-amalia-2","status":"publish","type":"product","link":"https:\/\/www.letutudanza.it\/de\/prodotto\/body-amalia-2","title":{"rendered":"Tanztrikot mit breiten Tr\u00e4gern und  \n  Amalia weiter R\u00fcckenausschnitt"},"content":{"rendered":"<p>K\u00f6rper Amalia. Bodysuit mit breiten Tr\u00e4gern, die innen mit 3 cm Gummiband gen\u00e4ht sind. Verstellbare Gleitlocke auf der Vorderseite und Brustverst\u00e4rkung.<br \/>\nBreiter Ausschnitt auf der R\u00fcckseite mit Schnitt und kleinen Falten f\u00fcr mehr Halt und Tragbarkeit.<\/p>\n<p>Gef\u00fctterter K\u00f6rper nach vorne.<\/p>\n","protected":false},"excerpt":{"rendered":"<p>Body mit breiten Tr\u00e4gern, die innen mit 3 cm Gummiband vern\u00e4ht sind. Verstellbare, verschiebbare Raffung vorne und innere Brustverst\u00e4rkung.<\/p>\n<p>Breiter Ausschnitt auf der R\u00fcckseite mit Schnitt und kleinen Falten f\u00fcr mehr Halt und Tragbarkeit. Gef\u00fctterter K\u00f6rper nach vorne.<\/p>\n","protected":false},"featured_media":325714,"template":"","meta":{"_acf_changed":false},"product_brand":[],"product_cat":[1550,1513],"product_tag":[1552],"class_list":{"0":"post-347777","1":"product","2":"type-product","3":"status-publish","4":"has-post-thumbnail","6":"product_cat-korper-tanz","7":"product_cat-kleidung","8":"product_tag-balletttrikot-fur-erwachsene","9":"pa_brand-dl-tanzkleidung","11":"first","12":"instock","13":"shipping-taxable","14":"purchasable","15":"product-type-variable"},"acf":[],"_links":{"self":[{"href":"https:\/\/www.letutudanza.it\/de\/wp-json\/wp\/v2\/product\/347777","targetHints":{"allow":["GET"]}}],"collection":[{"href":"https:\/\/www.letutudanza.it\/de\/wp-json\/wp\/v2\/product"}],"about":[{"href":"https:\/\/www.letutudanza.it\/de\/wp-json\/wp\/v2\/types\/product"}],"wp:featuredmedia":[{"embeddable":true,"href":"https:\/\/www.letutudanza.it\/de\/wp-json\/wp\/v2\/media\/325714"}],"wp:attachment":[{"href":"https:\/\/www.letutudanza.it\/de\/wp-json\/wp\/v2\/media?parent=347777"}],"wp:term":[{"taxonomy":"product_brand","embeddable":true,"href":"https:\/\/www.letutudanza.it\/de\/wp-json\/wp\/v2\/product_brand?post=347777"},{"taxonomy":"product_cat","embeddable":true,"href":"https:\/\/www.letutudanza.it\/de\/wp-json\/wp\/v2\/product_cat?post=347777"},{"taxonomy":"product_tag","embeddable":true,"href":"https:\/\/www.letutudanza.it\/de\/wp-json\/wp\/v2\/product_tag?post=347777"}],"curies":[{"name":"wp","href":"https:\/\/api.w.org\/{rel}","templated":true}]}}