{"id":347535,"date":"2021-07-02T02:51:06","date_gmt":"2021-07-02T00:51:06","guid":{"rendered":"https:\/\/letutudanza.it\/prodotto\/koerper-katia"},"modified":"2025-09-13T20:42:31","modified_gmt":"2025-09-13T18:42:31","slug":"korper-katia","status":"publish","type":"product","link":"https:\/\/www.letutudanza.it\/de\/prodotto\/korper-katia","title":{"rendered":"Tanztrikot Katia mit Spitzen\u00e4rmeln"},"content":{"rendered":"<p>K\u00f6rper Katia. V-Ausschnitt auf der Vorderseite und aus bi-elastischer Spitze an Oberteil und \u00c4rmeln.<br \/>\n3\/4-\u00c4rmel aus elastischer Spitze. Breiter R\u00fcckenausschnitt auf der R\u00fcckseite und Knopfverschluss aus Stoff.<\/p>\n<p>K\u00f6rper nach vorne gef\u00fcttert.<\/p>\n","protected":false},"excerpt":{"rendered":"<p>Body mit V-Ausschnitt vorne und aus bi-elastischer Spitze im oberen Teil. 3\/4-\u00c4rmel aus bi-elastischer Spitze. Breiter R\u00fcckenausschnitt und Knopfverschluss. K\u00f6rper nach vorne gef\u00fcttert.<\/p>\n","protected":false},"featured_media":478084,"template":"","meta":{"_acf_changed":false},"product_brand":[],"product_cat":[1513,1550],"product_tag":[1552],"class_list":{"0":"post-347535","1":"product","2":"type-product","3":"status-publish","4":"has-post-thumbnail","6":"product_cat-kleidung","7":"product_cat-korper-tanz","8":"product_tag-balletttrikot-fur-erwachsene","9":"pa_brand-dl-tanzkleidung","11":"first","12":"instock","13":"shipping-taxable","14":"purchasable","15":"product-type-variable"},"acf":[],"_links":{"self":[{"href":"https:\/\/www.letutudanza.it\/de\/wp-json\/wp\/v2\/product\/347535","targetHints":{"allow":["GET"]}}],"collection":[{"href":"https:\/\/www.letutudanza.it\/de\/wp-json\/wp\/v2\/product"}],"about":[{"href":"https:\/\/www.letutudanza.it\/de\/wp-json\/wp\/v2\/types\/product"}],"wp:featuredmedia":[{"embeddable":true,"href":"https:\/\/www.letutudanza.it\/de\/wp-json\/wp\/v2\/media\/478084"}],"wp:attachment":[{"href":"https:\/\/www.letutudanza.it\/de\/wp-json\/wp\/v2\/media?parent=347535"}],"wp:term":[{"taxonomy":"product_brand","embeddable":true,"href":"https:\/\/www.letutudanza.it\/de\/wp-json\/wp\/v2\/product_brand?post=347535"},{"taxonomy":"product_cat","embeddable":true,"href":"https:\/\/www.letutudanza.it\/de\/wp-json\/wp\/v2\/product_cat?post=347535"},{"taxonomy":"product_tag","embeddable":true,"href":"https:\/\/www.letutudanza.it\/de\/wp-json\/wp\/v2\/product_tag?post=347535"}],"curies":[{"name":"wp","href":"https:\/\/api.w.org\/{rel}","templated":true}]}}