{"id":347273,"date":"2021-07-02T02:33:36","date_gmt":"2021-07-02T00:33:36","guid":{"rendered":"https:\/\/letutudanza.it\/prodotto\/demi-pointe-bloch-entstehen-s0209"},"modified":"2026-03-23T15:33:38","modified_gmt":"2026-03-23T14:33:38","slug":"demi-pointe-bloch-entstehen-s0209","status":"publish","type":"product","link":"https:\/\/www.letutudanza.it\/de\/prodotto\/demi-pointe-bloch-entstehen-s0209","title":{"rendered":"Bloch Arise Ballettschuhe aus Leder mit durchgehender Sohle"},"content":{"rendered":"<h2 style=\"text-align: center;\">Bloch Arise Tanzschuhe S0209<\/h2>\n<p>Diese Ballett-Halbspitzenschuhe sind aus strapazierf\u00e4higem Leder gefertigt und mit einer Innensohle ausgestattet. Sie eignen sich ideal f\u00fcr die ersten Lernphasen und das t\u00e4gliche Training.<\/p>\n<p>Das innere Baumwollfutter sorgt f\u00fcr Komfort und Atmungsaktivit\u00e4t und h\u00e4lt den Fu\u00df w\u00e4hrend des Unterrichts trocken.<br \/>\n Der vorgefertigte Gummizug am Spann sorgt f\u00fcr einen stabilen und schnellen Sitz, ohne dass zus\u00e4tzliche N\u00e4hte erforderlich sind.<\/p>\n<p>Sie sind auch in kleineren Gr\u00f6\u00dfen erh\u00e4ltlich und eignen sich daher besonders f\u00fcr Sch\u00fcler, Kinder und Tanzschulen.<\/p>\n<p>Hinweis: Bei Bestellung in Wei\u00df betr\u00e4gt die Lieferzeit ca. 7 Tage.<\/p>\n","protected":false},"excerpt":{"rendered":"<p>Die Ballettschuhe <strong>Arise S0209<\/strong> aus Leder mit Innensohle und Baumwollfutter sind ideal f\u00fcr Studio und Unterricht. Der eingen\u00e4hte Gummizug sorgt f\u00fcr sicheren und sofortigen Halt. Erh\u00e4ltlich in den Farben Wei\u00df, Schwarz und Nude.  <\/p>\n<p>Bei der Nummerierung ist der Buchstabe G f\u00fcr kleine Zahlen gedacht.<\/p>\n<p>&nbsp;<\/p>\n","protected":false},"featured_media":326008,"template":"","meta":{"_acf_changed":false},"product_brand":[],"product_cat":[1864,2834,1617],"product_tag":[],"class_list":{"0":"post-347273","1":"product","2":"type-product","3":"status-publish","4":"has-post-thumbnail","6":"product_cat-halb-punkt-tanz","7":"product_cat-bloch-halbspitzenschuhe","8":"product_cat-schuhe","9":"pa_brand-bloch-de","11":"first","12":"instock","13":"shipping-taxable","14":"purchasable","15":"product-type-variable"},"acf":[],"_links":{"self":[{"href":"https:\/\/www.letutudanza.it\/de\/wp-json\/wp\/v2\/product\/347273","targetHints":{"allow":["GET"]}}],"collection":[{"href":"https:\/\/www.letutudanza.it\/de\/wp-json\/wp\/v2\/product"}],"about":[{"href":"https:\/\/www.letutudanza.it\/de\/wp-json\/wp\/v2\/types\/product"}],"wp:featuredmedia":[{"embeddable":true,"href":"https:\/\/www.letutudanza.it\/de\/wp-json\/wp\/v2\/media\/326008"}],"wp:attachment":[{"href":"https:\/\/www.letutudanza.it\/de\/wp-json\/wp\/v2\/media?parent=347273"}],"wp:term":[{"taxonomy":"product_brand","embeddable":true,"href":"https:\/\/www.letutudanza.it\/de\/wp-json\/wp\/v2\/product_brand?post=347273"},{"taxonomy":"product_cat","embeddable":true,"href":"https:\/\/www.letutudanza.it\/de\/wp-json\/wp\/v2\/product_cat?post=347273"},{"taxonomy":"product_tag","embeddable":true,"href":"https:\/\/www.letutudanza.it\/de\/wp-json\/wp\/v2\/product_tag?post=347273"}],"curies":[{"name":"wp","href":"https:\/\/api.w.org\/{rel}","templated":true}]}}