{"id":346320,"date":"2021-07-02T02:16:45","date_gmt":"2021-07-02T00:16:45","guid":{"rendered":"https:\/\/letutudanza.it\/prodotto\/koerper-carla"},"modified":"2025-09-13T20:48:28","modified_gmt":"2025-09-13T18:48:28","slug":"korper-carla","status":"publish","type":"product","link":"https:\/\/www.letutudanza.it\/de\/prodotto\/korper-carla","title":{"rendered":"Carla Spitzen-Tanzbody"},"content":{"rendered":"<p>Ideal f\u00fcr elegante T\u00e4nzer, f\u00fcr Demonstrationsb\u00fchnen oder f\u00fcr Lehrer.<\/p>\n","protected":false},"excerpt":{"rendered":"<p>Body vorne etwas tiefer ausgeschnitten und \u00c4rmel aus bi-elastischer Spitze.<\/p>\n<p>Die R\u00fcckseite besteht fast vollst\u00e4ndig aus bi-elastischer Spitze und ist mit einem Knopfverschluss versehen. Vorne gef\u00fcttert.<\/p>\n","protected":false},"featured_media":412375,"template":"","meta":{"_acf_changed":false},"product_brand":[],"product_cat":[1513,1550],"product_tag":[1552],"class_list":{"0":"post-346320","1":"product","2":"type-product","3":"status-publish","4":"has-post-thumbnail","6":"product_cat-kleidung","7":"product_cat-korper-tanz","8":"product_tag-balletttrikot-fur-erwachsene","9":"pa_brand-dl-tanzkleidung","11":"first","12":"instock","13":"shipping-taxable","14":"purchasable","15":"product-type-variable"},"acf":[],"_links":{"self":[{"href":"https:\/\/www.letutudanza.it\/de\/wp-json\/wp\/v2\/product\/346320","targetHints":{"allow":["GET"]}}],"collection":[{"href":"https:\/\/www.letutudanza.it\/de\/wp-json\/wp\/v2\/product"}],"about":[{"href":"https:\/\/www.letutudanza.it\/de\/wp-json\/wp\/v2\/types\/product"}],"wp:featuredmedia":[{"embeddable":true,"href":"https:\/\/www.letutudanza.it\/de\/wp-json\/wp\/v2\/media\/412375"}],"wp:attachment":[{"href":"https:\/\/www.letutudanza.it\/de\/wp-json\/wp\/v2\/media?parent=346320"}],"wp:term":[{"taxonomy":"product_brand","embeddable":true,"href":"https:\/\/www.letutudanza.it\/de\/wp-json\/wp\/v2\/product_brand?post=346320"},{"taxonomy":"product_cat","embeddable":true,"href":"https:\/\/www.letutudanza.it\/de\/wp-json\/wp\/v2\/product_cat?post=346320"},{"taxonomy":"product_tag","embeddable":true,"href":"https:\/\/www.letutudanza.it\/de\/wp-json\/wp\/v2\/product_tag?post=346320"}],"curies":[{"name":"wp","href":"https:\/\/api.w.org\/{rel}","templated":true}]}}