{"id":345719,"date":"2021-07-02T01:27:17","date_gmt":"2021-07-01T23:27:17","guid":{"rendered":"https:\/\/letutudanza.it\/prodotto\/vs-kostuem-027"},"modified":"2025-09-22T16:27:58","modified_gmt":"2025-09-22T14:27:58","slug":"kostum-gegen-018-kopie","status":"publish","type":"product","link":"https:\/\/www.letutudanza.it\/de\/prodotto\/kostum-gegen-018-kopie","title":{"rendered":"VS-Kost\u00fcm 027"},"content":{"rendered":"<p>Ideal f\u00fcr Ballette wie \u201eLa Carmen\u201c oder Moulin Rouge.<\/p>\n<p>&nbsp;<\/p>\n","protected":false},"excerpt":{"rendered":"<p>Ausgeschnittenes Oberteil aus Lycra. Transparenter Einsatz mit verstellbarem Kreuztr\u00e4ger.<br \/>\n Nudefarbene Hosentr\u00e4ger mit Spitzenhalb\u00e4rmeln. Rock aus zwei abwechselnd zweifarbigen, bi-elastischen Spitzenr\u00fcschen.  <\/p>\n<p>&nbsp;<\/p>\n","protected":false},"featured_media":324252,"template":"","meta":{"_acf_changed":false},"product_brand":[],"product_cat":[1641,1631],"product_tag":[],"class_list":{"0":"post-345719","1":"product","2":"type-product","3":"status-publish","4":"has-post-thumbnail","6":"product_cat-klassisch-charakter","7":"product_cat-kostumdesign","9":"first","10":"instock","11":"shipping-taxable","12":"product-type-variable"},"acf":[],"_links":{"self":[{"href":"https:\/\/www.letutudanza.it\/de\/wp-json\/wp\/v2\/product\/345719","targetHints":{"allow":["GET"]}}],"collection":[{"href":"https:\/\/www.letutudanza.it\/de\/wp-json\/wp\/v2\/product"}],"about":[{"href":"https:\/\/www.letutudanza.it\/de\/wp-json\/wp\/v2\/types\/product"}],"wp:featuredmedia":[{"embeddable":true,"href":"https:\/\/www.letutudanza.it\/de\/wp-json\/wp\/v2\/media\/324252"}],"wp:attachment":[{"href":"https:\/\/www.letutudanza.it\/de\/wp-json\/wp\/v2\/media?parent=345719"}],"wp:term":[{"taxonomy":"product_brand","embeddable":true,"href":"https:\/\/www.letutudanza.it\/de\/wp-json\/wp\/v2\/product_brand?post=345719"},{"taxonomy":"product_cat","embeddable":true,"href":"https:\/\/www.letutudanza.it\/de\/wp-json\/wp\/v2\/product_cat?post=345719"},{"taxonomy":"product_tag","embeddable":true,"href":"https:\/\/www.letutudanza.it\/de\/wp-json\/wp\/v2\/product_tag?post=345719"}],"curies":[{"name":"wp","href":"https:\/\/api.w.org\/{rel}","templated":true}]}}