{"id":344771,"date":"2021-07-02T00:58:36","date_gmt":"2021-07-01T22:58:36","guid":{"rendered":"https:\/\/letutudanza.it\/prodotto\/6-lagiges-tutu"},"modified":"2025-09-17T11:47:40","modified_gmt":"2025-09-17T09:47:40","slug":"tutu-6-schleier-2","status":"publish","type":"product","link":"https:\/\/www.letutudanza.it\/de\/prodotto\/tutu-6-schleier-2","title":{"rendered":"6-lagiges Tutu"},"content":{"rendered":"<p>Ideal f\u00fcr Wettbewerbe, Auff\u00fchrungen oder Abschlussarbeiten<\/p>\n","protected":false},"excerpt":{"rendered":"<p>Mieder mit Tr\u00e4gern aus Lycra auf der Vorderseite gef\u00fcttert.<br \/>\nTutulette aus 6 Lagen starrem T\u00fcll ma\u00dfstabsgetreu. Erste Schleierl\u00e4nge 25 cm<\/p>\n","protected":false},"featured_media":432137,"template":"","meta":{"_acf_changed":false},"product_brand":[],"product_cat":[1976,1513],"product_tag":[],"class_list":{"0":"post-344771","1":"product","2":"type-product","3":"status-publish","4":"has-post-thumbnail","6":"product_cat-tutu-und-tutuletten","7":"product_cat-kleidung","8":"pa_brand-dl-tanzkleidung","10":"first","11":"instock","12":"shipping-taxable","13":"purchasable","14":"product-type-variable"},"acf":[],"_links":{"self":[{"href":"https:\/\/www.letutudanza.it\/de\/wp-json\/wp\/v2\/product\/344771","targetHints":{"allow":["GET"]}}],"collection":[{"href":"https:\/\/www.letutudanza.it\/de\/wp-json\/wp\/v2\/product"}],"about":[{"href":"https:\/\/www.letutudanza.it\/de\/wp-json\/wp\/v2\/types\/product"}],"wp:featuredmedia":[{"embeddable":true,"href":"https:\/\/www.letutudanza.it\/de\/wp-json\/wp\/v2\/media\/432137"}],"wp:attachment":[{"href":"https:\/\/www.letutudanza.it\/de\/wp-json\/wp\/v2\/media?parent=344771"}],"wp:term":[{"taxonomy":"product_brand","embeddable":true,"href":"https:\/\/www.letutudanza.it\/de\/wp-json\/wp\/v2\/product_brand?post=344771"},{"taxonomy":"product_cat","embeddable":true,"href":"https:\/\/www.letutudanza.it\/de\/wp-json\/wp\/v2\/product_cat?post=344771"},{"taxonomy":"product_tag","embeddable":true,"href":"https:\/\/www.letutudanza.it\/de\/wp-json\/wp\/v2\/product_tag?post=344771"}],"curies":[{"name":"wp","href":"https:\/\/api.w.org\/{rel}","templated":true}]}}