{"id":344732,"date":"2021-07-02T00:55:49","date_gmt":"2021-07-01T22:55:49","guid":{"rendered":"https:\/\/letutudanza.it\/prodotto\/7-lagiges-tutu-semiprofessionell"},"modified":"2025-09-17T11:54:14","modified_gmt":"2025-09-17T09:54:14","slug":"7-lagiges-semi-professionelles-tutu-2","status":"publish","type":"product","link":"https:\/\/www.letutudanza.it\/de\/prodotto\/7-lagiges-semi-professionelles-tutu-2","title":{"rendered":"Semiprofessionelles 7-lagiges Tanz-Tutu"},"content":{"rendered":"<p>Ideal f\u00fcr Shows, Wettbewerbe, Jahresendaufs\u00e4tze und Soli.<\/p>\n","protected":false},"excerpt":{"rendered":"<p>Mieder mit Lycra-Schnitten, vorne gef\u00fcttert. Tiefer Einsatz am fleischfarbenen Ausschnitt.<br \/>\nTutulette aus 7 Lagen abgestuftem und gerafftem steifem T\u00fcll mit einer L\u00e4nge von 6 Metern. Bereits gen\u00e4ht.<br \/>\nErste Schleierl\u00e4nge 35 cm<\/p>\n<p>Ideal f\u00fcr Shows, Proben, Wettbewerbe, Essays und Soli.<\/p>\n","protected":false},"featured_media":326062,"template":"","meta":{"_acf_changed":false},"product_brand":[],"product_cat":[1976,1513],"product_tag":[],"class_list":{"0":"post-344732","1":"product","2":"type-product","3":"status-publish","4":"has-post-thumbnail","6":"product_cat-tutu-und-tutuletten","7":"product_cat-kleidung","8":"pa_brand-dl-tanzkleidung","10":"first","11":"instock","12":"shipping-taxable","13":"purchasable","14":"product-type-variable"},"acf":[],"_links":{"self":[{"href":"https:\/\/www.letutudanza.it\/de\/wp-json\/wp\/v2\/product\/344732","targetHints":{"allow":["GET"]}}],"collection":[{"href":"https:\/\/www.letutudanza.it\/de\/wp-json\/wp\/v2\/product"}],"about":[{"href":"https:\/\/www.letutudanza.it\/de\/wp-json\/wp\/v2\/types\/product"}],"wp:featuredmedia":[{"embeddable":true,"href":"https:\/\/www.letutudanza.it\/de\/wp-json\/wp\/v2\/media\/326062"}],"wp:attachment":[{"href":"https:\/\/www.letutudanza.it\/de\/wp-json\/wp\/v2\/media?parent=344732"}],"wp:term":[{"taxonomy":"product_brand","embeddable":true,"href":"https:\/\/www.letutudanza.it\/de\/wp-json\/wp\/v2\/product_brand?post=344732"},{"taxonomy":"product_cat","embeddable":true,"href":"https:\/\/www.letutudanza.it\/de\/wp-json\/wp\/v2\/product_cat?post=344732"},{"taxonomy":"product_tag","embeddable":true,"href":"https:\/\/www.letutudanza.it\/de\/wp-json\/wp\/v2\/product_tag?post=344732"}],"curies":[{"name":"wp","href":"https:\/\/api.w.org\/{rel}","templated":true}]}}