{"id":342629,"date":"2021-06-30T02:33:50","date_gmt":"2021-06-30T00:33:50","guid":{"rendered":"https:\/\/letutudanza.it\/prodotto\/klassische-strumpfhose-von-pridance"},"modified":"2026-03-31T10:12:59","modified_gmt":"2026-03-31T08:12:59","slug":"classic-pridance-strumpfhosen-2","status":"publish","type":"product","link":"https:\/\/www.letutudanza.it\/de\/prodotto\/classic-pridance-strumpfhosen-2","title":{"rendered":"Pridance Klassische rosa Tanzstrumpfhose"},"content":{"rendered":"<ul>\n<li>Made in Italy Qualit\u00e4t garantiert durch die Marke Pridance<\/li>\n<li>Hervorragender Tragekomfort durch Flachn\u00e4hte<\/li>\n<li>Kleiner rautenf\u00f6rmiger Zwickel im Schritt, unsichtbar unter dem Trikot<\/li>\n<li>Einzeln verpackt in einer eleganten personalisierten Schachtel<\/li>\n<li>Parf\u00fcmiert<\/li>\n<li>Das beste Preis-Leistungs-Verh\u00e4ltnis !!<\/li>\n<\/ul>\n<p>Waschanleitung: Handw\u00e4sche in kaltem Wasser<\/p>\n<p>&nbsp;<\/p>\n","protected":false},"excerpt":{"rendered":"<p>Basic-Tanzstrumpfhose aus weicher, laufmaschenfester Mikrofaser, 40 Denier.<br \/>\n Das spezielle Gewebe verleiht dem Produkt au\u00dfergew\u00f6hnliche Widerstandsf\u00e4higkeit und Elastizit\u00e4t: ideal sowohl f\u00fcr den Unterricht als auch f\u00fcr die Jahresabschlusskonzerte.<\/p>\n<p> Materialzusammensetzung: 95 % Polyamid \u2013 5 % Lycra<\/p>\n<p> <strong>Hinweis:<\/strong> Umtausch und\/oder R\u00fcckgabe dieses Artikels sind nicht m\u00f6glich.<\/p>\n","protected":false},"featured_media":483713,"template":"","meta":{"_acf_changed":false},"product_brand":[],"product_cat":[1450],"product_tag":[],"class_list":{"0":"post-342629","1":"product","2":"type-product","3":"status-publish","4":"has-post-thumbnail","6":"product_cat-tanz-und-tanzsocken","7":"pa_brand-pridance-de","9":"first","10":"instock","11":"shipping-taxable","12":"purchasable","13":"product-type-variable"},"acf":[],"_links":{"self":[{"href":"https:\/\/www.letutudanza.it\/de\/wp-json\/wp\/v2\/product\/342629","targetHints":{"allow":["GET"]}}],"collection":[{"href":"https:\/\/www.letutudanza.it\/de\/wp-json\/wp\/v2\/product"}],"about":[{"href":"https:\/\/www.letutudanza.it\/de\/wp-json\/wp\/v2\/types\/product"}],"wp:featuredmedia":[{"embeddable":true,"href":"https:\/\/www.letutudanza.it\/de\/wp-json\/wp\/v2\/media\/483713"}],"wp:attachment":[{"href":"https:\/\/www.letutudanza.it\/de\/wp-json\/wp\/v2\/media?parent=342629"}],"wp:term":[{"taxonomy":"product_brand","embeddable":true,"href":"https:\/\/www.letutudanza.it\/de\/wp-json\/wp\/v2\/product_brand?post=342629"},{"taxonomy":"product_cat","embeddable":true,"href":"https:\/\/www.letutudanza.it\/de\/wp-json\/wp\/v2\/product_cat?post=342629"},{"taxonomy":"product_tag","embeddable":true,"href":"https:\/\/www.letutudanza.it\/de\/wp-json\/wp\/v2\/product_tag?post=342629"}],"curies":[{"name":"wp","href":"https:\/\/api.w.org\/{rel}","templated":true}]}}