{"id":342122,"date":"2021-11-09T13:53:15","date_gmt":"2021-11-09T12:53:15","guid":{"rendered":"https:\/\/letutudanza.it\/prodotto\/gaynor-minden-fingerschutzpflaster"},"modified":"2026-02-05T14:09:13","modified_gmt":"2026-02-05T13:09:13","slug":"finger-saver-gaynor-minden","status":"publish","type":"product","link":"https:\/\/www.letutudanza.it\/de\/prodotto\/finger-saver-gaynor-minden","title":{"rendered":"Gaynor Minden Fingerschutzpflaster"},"content":{"rendered":"<p>Toe Wrap Fingerschutz. Hergestellt aus weichem und d\u00e4mpfendem Material (elastisches expandiertes Polyethylen) gibt es dem Fu\u00df Komfort und Freiheit bei der Zehenarbeit, obwohl die Zehen schmerzen. L\u00e4sst sich leicht abziehen, ohne klebrige R\u00fcckst\u00e4nde zu hinterlassen.<\/p>\n<p>5 m Rolle<\/p>\n","protected":false},"excerpt":{"rendered":"<p>Hergestellt aus weichem, sto\u00dfd\u00e4mpfendem Material (elastisches expandiertes Polyethylen), bietet es Komfort f\u00fcr den Fu\u00df und Bewegungsfreiheit bei der Arbeit an den Zehen, selbst wenn die Zehen schmerzen.<br \/>\n Es l\u00e4sst sich leicht entfernen, ohne klebrige R\u00fcckst\u00e4nde zu hinterlassen.<\/p>\n<p> 5m Rolle<\/p>\n","protected":false},"featured_media":323956,"template":"","meta":{"_acf_changed":false},"product_brand":[],"product_cat":[1448,1447],"product_tag":[],"class_list":{"0":"post-342122","1":"product","2":"type-product","3":"status-publish","4":"has-post-thumbnail","6":"product_cat-zubehor-fur-schuhe-und-fusse","7":"product_cat-zubehor","8":"pa_brand-gaynor-minden-de","10":"first","11":"instock","12":"shipping-taxable","13":"purchasable","14":"product-type-simple"},"acf":[],"_links":{"self":[{"href":"https:\/\/www.letutudanza.it\/de\/wp-json\/wp\/v2\/product\/342122","targetHints":{"allow":["GET"]}}],"collection":[{"href":"https:\/\/www.letutudanza.it\/de\/wp-json\/wp\/v2\/product"}],"about":[{"href":"https:\/\/www.letutudanza.it\/de\/wp-json\/wp\/v2\/types\/product"}],"wp:featuredmedia":[{"embeddable":true,"href":"https:\/\/www.letutudanza.it\/de\/wp-json\/wp\/v2\/media\/323956"}],"wp:attachment":[{"href":"https:\/\/www.letutudanza.it\/de\/wp-json\/wp\/v2\/media?parent=342122"}],"wp:term":[{"taxonomy":"product_brand","embeddable":true,"href":"https:\/\/www.letutudanza.it\/de\/wp-json\/wp\/v2\/product_brand?post=342122"},{"taxonomy":"product_cat","embeddable":true,"href":"https:\/\/www.letutudanza.it\/de\/wp-json\/wp\/v2\/product_cat?post=342122"},{"taxonomy":"product_tag","embeddable":true,"href":"https:\/\/www.letutudanza.it\/de\/wp-json\/wp\/v2\/product_tag?post=342122"}],"curies":[{"name":"wp","href":"https:\/\/api.w.org\/{rel}","templated":true}]}}