{"id":341987,"date":"2021-06-30T02:19:58","date_gmt":"2021-06-30T00:19:58","guid":{"rendered":"https:\/\/letutudanza.it\/prodotto\/koerper-sapri"},"modified":"2025-09-12T16:46:28","modified_gmt":"2025-09-12T14:46:28","slug":"korperwissen","status":"publish","type":"product","link":"https:\/\/www.letutudanza.it\/de\/prodotto\/korperwissen","title":{"rendered":"Sapri Crossover-Tanztrikot f\u00fcr M\u00e4dchen"},"content":{"rendered":"<p>K\u00f6rper Sapri. Rundhalsausschnitt mit halben \u00c4rmeln. Unter Schulterausschnitt auf der R\u00fcckseite mit 3 Kreuzen aus dem gleichen Stoff wie der K\u00f6rper.<br \/>\nModell sowohl f\u00fcr M\u00e4dchen als auch f\u00fcr Fortgeschrittene geeignet.<\/p>\n<p>Body mit Frontfutter<\/p>\n","protected":false},"excerpt":{"rendered":"<p>Rundhals-Body mit halben \u00c4rmeln. Unter Schulterausschnitt auf der R\u00fcckseite mit 3 Kreuzen aus dem gleichen Stoff wie der K\u00f6rper.<br \/>\nModell sowohl f\u00fcr M\u00e4dchen als auch f\u00fcr Fortgeschrittene geeignet.<\/p>\n<p>Auf der Vorderseite gef\u00fcttert<\/p>\n","protected":false},"featured_media":325704,"template":"","meta":{"_acf_changed":false},"product_brand":[],"product_cat":[1513,1550],"product_tag":[1904],"class_list":{"0":"post-341987","1":"product","2":"type-product","3":"status-publish","4":"has-post-thumbnail","6":"product_cat-kleidung","7":"product_cat-korper-tanz","8":"product_tag-tanztrikot-fur-babys","9":"pa_brand-dl-tanzkleidung","11":"first","12":"instock","13":"shipping-taxable","14":"purchasable","15":"product-type-variable"},"acf":[],"_links":{"self":[{"href":"https:\/\/www.letutudanza.it\/de\/wp-json\/wp\/v2\/product\/341987","targetHints":{"allow":["GET"]}}],"collection":[{"href":"https:\/\/www.letutudanza.it\/de\/wp-json\/wp\/v2\/product"}],"about":[{"href":"https:\/\/www.letutudanza.it\/de\/wp-json\/wp\/v2\/types\/product"}],"wp:featuredmedia":[{"embeddable":true,"href":"https:\/\/www.letutudanza.it\/de\/wp-json\/wp\/v2\/media\/325704"}],"wp:attachment":[{"href":"https:\/\/www.letutudanza.it\/de\/wp-json\/wp\/v2\/media?parent=341987"}],"wp:term":[{"taxonomy":"product_brand","embeddable":true,"href":"https:\/\/www.letutudanza.it\/de\/wp-json\/wp\/v2\/product_brand?post=341987"},{"taxonomy":"product_cat","embeddable":true,"href":"https:\/\/www.letutudanza.it\/de\/wp-json\/wp\/v2\/product_cat?post=341987"},{"taxonomy":"product_tag","embeddable":true,"href":"https:\/\/www.letutudanza.it\/de\/wp-json\/wp\/v2\/product_tag?post=341987"}],"curies":[{"name":"wp","href":"https:\/\/api.w.org\/{rel}","templated":true}]}}