{"id":341582,"date":"2021-10-06T17:36:20","date_gmt":"2021-10-06T15:36:20","guid":{"rendered":"https:\/\/letutudanza.it\/prodotto\/griechischer-koerper-bis"},"modified":"2026-01-23T14:58:00","modified_gmt":"2026-01-23T13:58:00","slug":"korper-griechisch-bis","status":"publish","type":"product","link":"https:\/\/www.letutudanza.it\/de\/prodotto\/korper-griechisch-bis","title":{"rendered":"Griechischer M\u00e4dchen-Tanzanzug mit Rock und Kn\u00f6pfen"},"content":{"rendered":"<p>Body Greco Bis, Modell geeignet f\u00fcr M\u00e4dchen. Rundhalsausschnitt und letzter \u00c4rmel ohne Schnitt. Vollst\u00e4ndig wei\u00df umrandet. und Seitenmotiv auf der Brust mit Stoffkn\u00f6pfen. Kleiner \u00fcberlappender Rock mit abgerundeter Form, der das Modell verfeinert und eleganter macht.<\/p>\n<p>Vorne gef\u00fcttert.<\/p>\n","protected":false},"excerpt":{"rendered":"<p>Rundhalsausschnitt und letzter \u00c4rmel ohne Schnitt. Wei\u00dfe Borte am Ausschnitt und an den \u00c4rmeln, seitliches Motiv auf der Brust mit Stoffkn\u00f6pfen.<\/p>\n<p>Kleiner \u00fcberlappender Rock mit abgerundeter Form, der das Modell verfeinert und eleganter macht. Vorne gef\u00fcttert.<\/p>\n","protected":false},"featured_media":325680,"template":"","meta":{"_acf_changed":false},"product_brand":[],"product_cat":[1550,1513],"product_tag":[1904],"class_list":{"0":"post-341582","1":"product","2":"type-product","3":"status-publish","4":"has-post-thumbnail","6":"product_cat-korper-tanz","7":"product_cat-kleidung","8":"product_tag-tanztrikot-fur-babys","9":"pa_brand-dl-tanzkleidung","11":"first","12":"instock","13":"shipping-taxable","14":"purchasable","15":"product-type-variable"},"acf":[],"_links":{"self":[{"href":"https:\/\/www.letutudanza.it\/de\/wp-json\/wp\/v2\/product\/341582","targetHints":{"allow":["GET"]}}],"collection":[{"href":"https:\/\/www.letutudanza.it\/de\/wp-json\/wp\/v2\/product"}],"about":[{"href":"https:\/\/www.letutudanza.it\/de\/wp-json\/wp\/v2\/types\/product"}],"wp:featuredmedia":[{"embeddable":true,"href":"https:\/\/www.letutudanza.it\/de\/wp-json\/wp\/v2\/media\/325680"}],"wp:attachment":[{"href":"https:\/\/www.letutudanza.it\/de\/wp-json\/wp\/v2\/media?parent=341582"}],"wp:term":[{"taxonomy":"product_brand","embeddable":true,"href":"https:\/\/www.letutudanza.it\/de\/wp-json\/wp\/v2\/product_brand?post=341582"},{"taxonomy":"product_cat","embeddable":true,"href":"https:\/\/www.letutudanza.it\/de\/wp-json\/wp\/v2\/product_cat?post=341582"},{"taxonomy":"product_tag","embeddable":true,"href":"https:\/\/www.letutudanza.it\/de\/wp-json\/wp\/v2\/product_tag?post=341582"}],"curies":[{"name":"wp","href":"https:\/\/api.w.org\/{rel}","templated":true}]}}