{"id":341539,"date":"2021-06-29T20:06:31","date_gmt":"2021-06-29T18:06:31","guid":{"rendered":"https:\/\/letutudanza.it\/prodotto\/elastische-eindaemmung-fuer-spann-gaynor-minden"},"modified":"2026-02-06T13:54:23","modified_gmt":"2026-02-06T12:54:23","slug":"elastischer-einschluss-fur-spann-gaynor-minden","status":"publish","type":"product","link":"https:\/\/www.letutudanza.it\/de\/prodotto\/elastischer-einschluss-fur-spann-gaynor-minden","title":{"rendered":"Elastische Eind\u00e4mmung f\u00fcr Spann &#8211; Gaynor Minden"},"content":{"rendered":"<p>Endlich die L\u00f6sung f\u00fcr alle Ballerinen mit einem sehr ausgepr\u00e4gten Spann.<br \/>\n Das elastische Obermaterial beseitigt das Problem, dass der Schaft im Zehenbereich &#8220;zu weit&#8221; geht.<\/p>\n<p>Auf die Zehenmaske gen\u00e4ht, gibt sie dem Fu\u00df mehr Halt und wirkt auf dem Rist zur\u00fcckhaltend. Es ist auch sehr bequem und verursacht keine Probleme beim \u00dcbergang zur Halbspitze. In der Verpackung befindet sich eine Gebrauchsanweisung.<\/p>\n<p>Kann f\u00fcr 2 Spitzenpaare verwendet werden.<\/p>\n","protected":false},"excerpt":{"rendered":"<p>Auf die Zehenmaske gen\u00e4ht, gibt sie dem Fu\u00df mehr Halt und wirkt auf dem Rist zur\u00fcckhaltend. Es ist au\u00dferdem sehr bequem und verursacht keine Probleme beim Wechsel zum Halbspitzentanz.<br \/>\n In der Verpackung befindet sich eine Gebrauchsanweisung.<\/p>\n<p>Kann f\u00fcr 2 Spitzenpaare verwendet werden.<\/p>\n","protected":false},"featured_media":323786,"template":"","meta":{"_acf_changed":false},"product_brand":[],"product_cat":[1447,1448],"product_tag":[],"class_list":{"0":"post-341539","1":"product","2":"type-product","3":"status-publish","4":"has-post-thumbnail","6":"product_cat-zubehor","7":"product_cat-zubehor-fur-schuhe-und-fusse","8":"pa_brand-gaynor-minden-de","10":"first","11":"instock","12":"shipping-taxable","13":"purchasable","14":"product-type-simple"},"acf":[],"_links":{"self":[{"href":"https:\/\/www.letutudanza.it\/de\/wp-json\/wp\/v2\/product\/341539","targetHints":{"allow":["GET"]}}],"collection":[{"href":"https:\/\/www.letutudanza.it\/de\/wp-json\/wp\/v2\/product"}],"about":[{"href":"https:\/\/www.letutudanza.it\/de\/wp-json\/wp\/v2\/types\/product"}],"wp:featuredmedia":[{"embeddable":true,"href":"https:\/\/www.letutudanza.it\/de\/wp-json\/wp\/v2\/media\/323786"}],"wp:attachment":[{"href":"https:\/\/www.letutudanza.it\/de\/wp-json\/wp\/v2\/media?parent=341539"}],"wp:term":[{"taxonomy":"product_brand","embeddable":true,"href":"https:\/\/www.letutudanza.it\/de\/wp-json\/wp\/v2\/product_brand?post=341539"},{"taxonomy":"product_cat","embeddable":true,"href":"https:\/\/www.letutudanza.it\/de\/wp-json\/wp\/v2\/product_cat?post=341539"},{"taxonomy":"product_tag","embeddable":true,"href":"https:\/\/www.letutudanza.it\/de\/wp-json\/wp\/v2\/product_tag?post=341539"}],"curies":[{"name":"wp","href":"https:\/\/api.w.org\/{rel}","templated":true}]}}