{"id":341263,"date":"2021-06-29T18:44:04","date_gmt":"2021-06-29T16:44:04","guid":{"rendered":"https:\/\/letutudanza.it\/prodotto\/spitzenschuhe-grishko-alice"},"modified":"2026-01-23T13:41:54","modified_gmt":"2026-01-23T12:41:54","slug":"spitzenschuhe-grishko-alice","status":"publish","type":"product","link":"https:\/\/www.letutudanza.it\/de\/prodotto\/spitzenschuhe-grishko-alice","title":{"rendered":"Grishko Alice Spitzenschuhe"},"content":{"rendered":"<p>Ideal f\u00fcr Anf\u00e4nger.<br \/>\n Es ist ratsam, diese Tipps zu nutzen, bevor Sie zum Novice-Modell \u00fcbergehen.<\/p>\n<p> Sohlenkonsistenz<br \/>\n SS (Super Soft): Sehr weich<\/p>\n","protected":false},"excerpt":{"rendered":"<p>Der Spitzenschuh \u201eAlice\u201c von Grishko ist ein Schuh nach dem Modell von 2007 mit einem weichen Vorderblatt, das ebenso wie die Ferse mit geb\u00fcrsteter Baumwolle \u00fcberzogen ist.<\/p>\n<p> Steife Sohle in der Mitte und extrem flexibel im hinteren Bereich, um die Entwicklung des Fu\u00dfgew\u00f6lbes zu unterst\u00fctzen und den Fu\u00df auf die Zehenarbeit vorzubereiten.<\/p>\n<p> Verf\u00fcgbar im XXX-Layout.<\/p>\n","protected":false},"featured_media":326828,"template":"","meta":{"_acf_changed":false},"product_brand":[],"product_cat":[2681,1617,1663],"product_tag":[],"class_list":{"0":"post-341263","1":"product","2":"type-product","3":"status-publish","4":"has-post-thumbnail","6":"product_cat-grishko-spitzenschuhe","7":"product_cat-schuhe","8":"product_cat-spitzenschuhe","9":"pa_brand-grischko","11":"first","12":"instock","13":"shipping-taxable","14":"purchasable","15":"product-type-variable"},"acf":[],"_links":{"self":[{"href":"https:\/\/www.letutudanza.it\/de\/wp-json\/wp\/v2\/product\/341263","targetHints":{"allow":["GET"]}}],"collection":[{"href":"https:\/\/www.letutudanza.it\/de\/wp-json\/wp\/v2\/product"}],"about":[{"href":"https:\/\/www.letutudanza.it\/de\/wp-json\/wp\/v2\/types\/product"}],"wp:featuredmedia":[{"embeddable":true,"href":"https:\/\/www.letutudanza.it\/de\/wp-json\/wp\/v2\/media\/326828"}],"wp:attachment":[{"href":"https:\/\/www.letutudanza.it\/de\/wp-json\/wp\/v2\/media?parent=341263"}],"wp:term":[{"taxonomy":"product_brand","embeddable":true,"href":"https:\/\/www.letutudanza.it\/de\/wp-json\/wp\/v2\/product_brand?post=341263"},{"taxonomy":"product_cat","embeddable":true,"href":"https:\/\/www.letutudanza.it\/de\/wp-json\/wp\/v2\/product_cat?post=341263"},{"taxonomy":"product_tag","embeddable":true,"href":"https:\/\/www.letutudanza.it\/de\/wp-json\/wp\/v2\/product_tag?post=341263"}],"curies":[{"name":"wp","href":"https:\/\/api.w.org\/{rel}","templated":true}]}}