{"id":341252,"date":"2021-06-29T18:48:54","date_gmt":"2021-06-29T16:48:54","guid":{"rendered":"https:\/\/letutudanza.it\/prodotto\/half-pointe-bloch-arise-mit-geteilter-sohle-s0258l"},"modified":"2026-03-23T15:32:39","modified_gmt":"2026-03-23T14:32:39","slug":"demi-pointe-bloch-arise-mit-geteilter-sohle-s0258l","status":"publish","type":"product","link":"https:\/\/www.letutudanza.it\/de\/prodotto\/demi-pointe-bloch-arise-mit-geteilter-sohle-s0258l","title":{"rendered":"Bloch Halbballettschuhe aus Leder mit geteilter Sohle"},"content":{"rendered":"<h2 style=\"text-align: center;\" data-start=\"1173\" data-end=\"1231\">Bloch Arise Tanzschuhe mit geteilter Sohle S0258L<\/h2>\n<ul>\n<li>Hergestellt aus hochwertigem Leder, um eine lange Lebensdauer zu gew\u00e4hrleisten<\/li>\n<li>Baumwollfutter f\u00fcr Komfort und hervorragende Atmungsaktivit\u00e4t<\/li>\n<li>Vorgen\u00e4htes Gummiband, um den sofortigen Einsatz von Schuhen zu erm\u00f6glichen<\/li>\n<li>D\u00fcnne Baumwollkordel, um die Haftung des Obermaterials anzupassen<\/li>\n<li>Geteilte Sohle mit Au\u00dfennaht; Sowohl die vordere als auch die hintere Laufsohle verf\u00fcgen \u00fcber ein ovales Design, das hervorragenden Halt bietet<\/li>\n<li>Einlegesohle aus weichem Wildleder f\u00fcr h\u00f6chsten Komfort<\/li>\n<li>Hautrosa Farbe (wie auf dem Foto)<\/li>\n<\/ul>\n","protected":false},"excerpt":{"rendered":"<p>Die Ballettschuhe <strong>Arise S0258L<\/strong> aus hochwertigem, nudefarbenem Leder mit geteilter Sohle sind ideal f\u00fcr Studio und Unterricht. Sie bieten Komfort, Atmungsaktivit\u00e4t und dank des eingen\u00e4hten Gummibands einen sicheren Halt. <\/p>\n<p>Auf Anfrage ist es m\u00f6glich, kleinere Nummern als die angegebenen zu kaufen (Lieferzeit ca. 7 Tage)<\/p>\n","protected":false},"featured_media":387763,"template":"","meta":{"_acf_changed":false},"product_brand":[],"product_cat":[1864,2834,1617],"product_tag":[],"class_list":{"0":"post-341252","1":"product","2":"type-product","3":"status-publish","4":"has-post-thumbnail","6":"product_cat-halb-punkt-tanz","7":"product_cat-bloch-halbspitzenschuhe","8":"product_cat-schuhe","9":"pa_brand-bloch-de","11":"first","12":"instock","13":"shipping-taxable","14":"purchasable","15":"product-type-variable"},"acf":[],"_links":{"self":[{"href":"https:\/\/www.letutudanza.it\/de\/wp-json\/wp\/v2\/product\/341252","targetHints":{"allow":["GET"]}}],"collection":[{"href":"https:\/\/www.letutudanza.it\/de\/wp-json\/wp\/v2\/product"}],"about":[{"href":"https:\/\/www.letutudanza.it\/de\/wp-json\/wp\/v2\/types\/product"}],"wp:featuredmedia":[{"embeddable":true,"href":"https:\/\/www.letutudanza.it\/de\/wp-json\/wp\/v2\/media\/387763"}],"wp:attachment":[{"href":"https:\/\/www.letutudanza.it\/de\/wp-json\/wp\/v2\/media?parent=341252"}],"wp:term":[{"taxonomy":"product_brand","embeddable":true,"href":"https:\/\/www.letutudanza.it\/de\/wp-json\/wp\/v2\/product_brand?post=341252"},{"taxonomy":"product_cat","embeddable":true,"href":"https:\/\/www.letutudanza.it\/de\/wp-json\/wp\/v2\/product_cat?post=341252"},{"taxonomy":"product_tag","embeddable":true,"href":"https:\/\/www.letutudanza.it\/de\/wp-json\/wp\/v2\/product_tag?post=341252"}],"curies":[{"name":"wp","href":"https:\/\/api.w.org\/{rel}","templated":true}]}}