{"id":340304,"date":"2021-06-29T18:41:12","date_gmt":"2021-06-29T16:41:12","guid":{"rendered":"https:\/\/letutudanza.it\/prodotto\/saugfaehige-einsaetze-fuer-grishko-spitzen"},"modified":"2025-03-22T08:17:38","modified_gmt":"2025-03-22T07:17:38","slug":"saugfaehige-einsaetze-fuer-grishko-spitzen","status":"publish","type":"product","link":"https:\/\/www.letutudanza.it\/de\/prodotto\/saugfaehige-einsaetze-fuer-grishko-spitzen","title":{"rendered":"Saugf\u00e4hige Eins\u00e4tze f\u00fcr Grishko-Spitzen"},"content":{"rendered":"<p>Polster, die die Feuchtigkeit im Inneren von Spitzenschuhen absorbieren und so deren Lebensdauer verl\u00e4ngern.<br \/>\n Innen sind sie mit \u00f6kologischem Kieselgelgranulat gef\u00fcllt, einer Verbindung mit absorbierenden und entw\u00e4ssernden Eigenschaften, die nach dem Unterricht die gesamte Feuchtigkeit und den Schwei\u00df der Spitze aufnimmt.<\/p>\n<p> Setzen Sie die Pads nach jedem Gebrauch in die Spitze ein und bewahren Sie sie im Spitzenbeutel auf.<\/p>\n<p> Im Inneren befindet sich eine Karte mit einer grafischen Erkl\u00e4rung zur Anwendung.<\/p>\n","protected":false},"excerpt":{"rendered":"<p>Polster, die die Feuchtigkeit im Inneren von Spitzenschuhen absorbieren und so deren Lebensdauer verl\u00e4ngern.<br \/>\n Innen sind sie mit \u00f6kologischem Kieselgelgranulat gef\u00fcllt, einer Verbindung mit absorbierenden und entw\u00e4ssernden Eigenschaften, die nach dem Unterricht die gesamte Feuchtigkeit und den Schwei\u00df der Spitze aufnimmt.<\/p>\n<p> Setzen Sie die Pads nach jedem Gebrauch in die Spitze ein und bewahren Sie sie im Spitzenbeutel auf.<\/p>\n<p> Im Inneren befindet sich eine Karte mit einer grafischen Erkl\u00e4rung zur Anwendung.<\/p>\n","protected":false},"featured_media":323706,"template":"","meta":{"_acf_changed":false},"product_brand":[],"product_cat":[1447,1448],"product_tag":[],"class_list":{"0":"post-340304","1":"product","2":"type-product","3":"status-publish","4":"has-post-thumbnail","6":"product_cat-zubehor","7":"product_cat-zubehor-fur-schuhe-und-fusse","8":"pa_brand-grischko","10":"first","11":"outofstock","12":"shipping-taxable","13":"purchasable","14":"product-type-simple"},"acf":[],"_links":{"self":[{"href":"https:\/\/www.letutudanza.it\/de\/wp-json\/wp\/v2\/product\/340304","targetHints":{"allow":["GET"]}}],"collection":[{"href":"https:\/\/www.letutudanza.it\/de\/wp-json\/wp\/v2\/product"}],"about":[{"href":"https:\/\/www.letutudanza.it\/de\/wp-json\/wp\/v2\/types\/product"}],"wp:featuredmedia":[{"embeddable":true,"href":"https:\/\/www.letutudanza.it\/de\/wp-json\/wp\/v2\/media\/323706"}],"wp:attachment":[{"href":"https:\/\/www.letutudanza.it\/de\/wp-json\/wp\/v2\/media?parent=340304"}],"wp:term":[{"taxonomy":"product_brand","embeddable":true,"href":"https:\/\/www.letutudanza.it\/de\/wp-json\/wp\/v2\/product_brand?post=340304"},{"taxonomy":"product_cat","embeddable":true,"href":"https:\/\/www.letutudanza.it\/de\/wp-json\/wp\/v2\/product_cat?post=340304"},{"taxonomy":"product_tag","embeddable":true,"href":"https:\/\/www.letutudanza.it\/de\/wp-json\/wp\/v2\/product_tag?post=340304"}],"curies":[{"name":"wp","href":"https:\/\/api.w.org\/{rel}","templated":true}]}}