{"id":340285,"date":"2021-06-29T17:17:52","date_gmt":"2021-06-29T15:17:52","guid":{"rendered":"https:\/\/letutudanza.it\/prodotto\/genf"},"modified":"2026-03-16T16:33:40","modified_gmt":"2026-03-16T15:33:40","slug":"genf","status":"publish","type":"product","link":"https:\/\/www.letutudanza.it\/de\/prodotto\/genf","title":{"rendered":"Bauernkleid mit gebl\u00fcmtem Rock"},"content":{"rendered":"<p>Klassisches Tanzkost\u00fcm. Mieder aus Lycra. Linearer Schn\u00fcreinsatz mit Bes\u00e4tzen und Organzablumen. Ausschnitt mit Spitze abgeschlossen. Ballonh\u00fclle aus leichtem Stoff und mit Band und Spitze veredelt. Rock aus weichem T\u00fcll und \u00dcberrock aus blumenbesticktem Mesh und mit R\u00fcschen und B\u00e4ndern vollendet<\/p>\n","protected":false},"excerpt":{"rendered":"<p>Mieder aus Lycra, Schn\u00fcreinsatz und mit Blumenbesatz versehen.<br \/>\n Ausschnitt mit Spitze versehen. Funkelnde Puff\u00e4rmel, verziert mit B\u00e4ndern und Spitze, sind an den Tr\u00e4gern befestigt. Der Rock ist aus weichem T\u00fcll gefertigt, der \u00dcberrock aus mit Blumen besticktem Netzstoff mit B\u00e4ndern. <\/p>\n","protected":false},"featured_media":431631,"template":"","meta":{"_acf_changed":false},"product_brand":[],"product_cat":[1609,1451],"product_tag":[],"class_list":{"0":"post-340285","1":"product","2":"type-product","3":"status-publish","4":"has-post-thumbnail","6":"product_cat-kostum-outlet","7":"product_cat-auslauf","8":"pa_brand-dl-tanzkleidung","10":"first","11":"instock","12":"shipping-taxable","13":"purchasable","14":"product-type-variable"},"acf":[],"_links":{"self":[{"href":"https:\/\/www.letutudanza.it\/de\/wp-json\/wp\/v2\/product\/340285","targetHints":{"allow":["GET"]}}],"collection":[{"href":"https:\/\/www.letutudanza.it\/de\/wp-json\/wp\/v2\/product"}],"about":[{"href":"https:\/\/www.letutudanza.it\/de\/wp-json\/wp\/v2\/types\/product"}],"wp:featuredmedia":[{"embeddable":true,"href":"https:\/\/www.letutudanza.it\/de\/wp-json\/wp\/v2\/media\/431631"}],"wp:attachment":[{"href":"https:\/\/www.letutudanza.it\/de\/wp-json\/wp\/v2\/media?parent=340285"}],"wp:term":[{"taxonomy":"product_brand","embeddable":true,"href":"https:\/\/www.letutudanza.it\/de\/wp-json\/wp\/v2\/product_brand?post=340285"},{"taxonomy":"product_cat","embeddable":true,"href":"https:\/\/www.letutudanza.it\/de\/wp-json\/wp\/v2\/product_cat?post=340285"},{"taxonomy":"product_tag","embeddable":true,"href":"https:\/\/www.letutudanza.it\/de\/wp-json\/wp\/v2\/product_tag?post=340285"}],"curies":[{"name":"wp","href":"https:\/\/api.w.org\/{rel}","templated":true}]}}