{"id":340243,"date":"2021-06-29T17:19:57","date_gmt":"2021-06-29T15:19:57","guid":{"rendered":"https:\/\/letutudanza.it\/prodotto\/tutu-blanche"},"modified":"2025-09-23T17:24:57","modified_gmt":"2025-09-23T15:24:57","slug":"tutu-blanche","status":"publish","type":"product","link":"https:\/\/www.letutudanza.it\/de\/prodotto\/tutu-blanche","title":{"rendered":"Wei\u00dfes und silbernes Tanz-Tutu"},"content":{"rendered":"<p>Ballett-Tutu. Mieder aus Lycra mit zentralem Einsatz aus festem, besticktem Stoff, verziert mit silbernen Pailletten und vollendet mit silberner Trinette. Tutulette aus wei\u00dfem T\u00fcll, Platte aus handgefranstem T\u00fcll mit silbernen Tupfen und bestickter Plattenbezug mit Spitze und Trinette.<\/p>\n","protected":false},"excerpt":{"rendered":"<p>6-lagiges Tutu. Oberteil aus Lycra mit zentralem Einsatz aus festem Stoff, bestickt und verziert mit Pailletten und silberner Trinette. 5 Lagen wei\u00dfer T\u00fcll, 1 Lage aus strassbesetztem T\u00fcll mit Scherenfransen und flacher fester Stoff mit Spitze und Trinette.<\/p>\n<p>Nur ein St\u00fcck verf\u00fcgbar, Gr\u00f6\u00dfe S<\/p>\n","protected":false},"featured_media":431634,"template":"","meta":{"_acf_changed":false},"product_brand":[],"product_cat":[1609,1631],"product_tag":[],"class_list":{"0":"post-340243","1":"product","2":"type-product","3":"status-publish","4":"has-post-thumbnail","6":"product_cat-kostum-outlet","7":"product_cat-kostumdesign","8":"pa_brand-dl-tanzkleidung","10":"first","11":"instock","12":"sale","13":"shipping-taxable","14":"product-type-simple"},"acf":[],"_links":{"self":[{"href":"https:\/\/www.letutudanza.it\/de\/wp-json\/wp\/v2\/product\/340243","targetHints":{"allow":["GET"]}}],"collection":[{"href":"https:\/\/www.letutudanza.it\/de\/wp-json\/wp\/v2\/product"}],"about":[{"href":"https:\/\/www.letutudanza.it\/de\/wp-json\/wp\/v2\/types\/product"}],"wp:featuredmedia":[{"embeddable":true,"href":"https:\/\/www.letutudanza.it\/de\/wp-json\/wp\/v2\/media\/431634"}],"wp:attachment":[{"href":"https:\/\/www.letutudanza.it\/de\/wp-json\/wp\/v2\/media?parent=340243"}],"wp:term":[{"taxonomy":"product_brand","embeddable":true,"href":"https:\/\/www.letutudanza.it\/de\/wp-json\/wp\/v2\/product_brand?post=340243"},{"taxonomy":"product_cat","embeddable":true,"href":"https:\/\/www.letutudanza.it\/de\/wp-json\/wp\/v2\/product_cat?post=340243"},{"taxonomy":"product_tag","embeddable":true,"href":"https:\/\/www.letutudanza.it\/de\/wp-json\/wp\/v2\/product_tag?post=340243"}],"curies":[{"name":"wp","href":"https:\/\/api.w.org\/{rel}","templated":true}]}}