{"id":340227,"date":"2021-06-29T17:01:45","date_gmt":"2021-06-29T15:01:45","guid":{"rendered":"https:\/\/letutudanza.it\/prodotto\/blochsox-tanzsocke"},"modified":"2025-12-10T15:44:51","modified_gmt":"2025-12-10T14:44:51","slug":"sockentanz-blochsox-2","status":"publish","type":"product","link":"https:\/\/www.letutudanza.it\/de\/prodotto\/sockentanz-blochsox-2","title":{"rendered":"Blochsox Tanzsocke"},"content":{"rendered":"<p>Merkmale:<\/p>\n<ul>\n<li>Externe Anti-Rutsch-Streifen \u2013 zwei am Fu\u00dfballen, hinter dem Drehpunkt und f\u00fcnf an der Ferse \u2013 sind strategisch platziert, um Stabilit\u00e4t bei der Ausf\u00fchrung von Pirouetten und Kontrolle bei den schwierigsten Bewegungen zu bieten, w\u00e4hrend Sie dennoch rutschen k\u00f6nnen, wenn gew\u00fcnscht<\/li>\n<li>Drehpunkt, der es Ihnen erm\u00f6glicht, mit Leichtigkeit Pirouetten und Slides zu machen; verf\u00fcgt auch \u00fcber eine zus\u00e4tzliche Polsterung, die die Knochen des T\u00e4nzers sch\u00fctzt<\/li>\n<li>Interne Streifen f\u00fcr \u00fcberlegenen Halt, die aus Fasern bestehen, die speziell entwickelt wurden, um die Socke fest am Fu\u00df des T\u00e4nzers zu halten. In der N\u00e4he des Drehpunkts positioniert<\/li>\n<li>Doppelte Kompressionskante, die das Herunterrutschen der Socke verhindert und eine nat\u00fcrliche Passform gew\u00e4hrleistet, indem sie das richtige Gleichgewicht zwischen Kompression und Elastizit\u00e4t bietet<\/li>\n<li>Verbessertes Kompressionssystem um das Fu\u00dfgew\u00f6lbe, das den Fu\u00df st\u00fctzt und umschlie\u00dft und seine Linie betont<\/li>\n<li>Zus\u00e4tzliche Polsterung im Fersenbereich zum Schutz der Knochen des T\u00e4nzers<\/li>\n<\/ul>\n<p>Beratung:<\/p>\n<ul>\n<li>Best\u00e4uben Sie die Silikon-Gripperstreifen mit etwas Talkumpuder, um ihre Haftung zu verringern<\/li>\n<\/ul>\n","protected":false},"excerpt":{"rendered":"<p>BLOCHSOX\u2122 bietet Stabilit\u00e4t bei der Ausf\u00fchrung von Pirouetten, Unterst\u00fctzung f\u00fcr Ihre Spr\u00fcnge und Perfektion f\u00fcr Ihre Linien.<\/p>\n<p>Diese revolution\u00e4ren Strumpfhosen <strong>wurden entwickelt, um T\u00e4nzern zu erm\u00f6glichen, an ihre Grenzen zu gehen und<\/strong> sich gleichzeitig wohl und unterst\u00fctzt zu f\u00fchlen. Dank <strong>innovativer Funktionen wie dem integrierten Rotationspunkt<\/strong> , den <strong>\u00e4u\u00dferen rutschfesten<\/strong> Materialstreifen, den inneren Streifen f\u00fcr besseren Halt und dem Kompressionssystem um das Fu\u00dfgew\u00f6lbe ist es nun m\u00f6glich, in v\u00f6lliger Freiheit und Kontrolle zu tanzen .<\/p>\n<p>Entwickelt, um ihre Form besser zu behalten als normale Socken.<br \/>\n Erh\u00e4ltlich in den Farben Sand (Nude) und Schwarz (Schwarz)<\/p>\n","protected":false},"featured_media":325986,"template":"","meta":{"_acf_changed":false},"product_brand":[],"product_cat":[1633,1516,2114,1450,1447,1448],"product_tag":[],"class_list":{"0":"post-340227","1":"product","2":"type-product","3":"status-publish","4":"has-post-thumbnail","6":"product_cat-strumpfhosen-und-socken-fur-herren","7":"product_cat-herrenlinie","8":"product_cat-schuhe-fur-zeitgenossischen-tanz","9":"product_cat-tanz-und-tanzsocken","10":"product_cat-zubehor","11":"product_cat-zubehor-fur-schuhe-und-fusse","12":"pa_brand-bloch-de","14":"first","15":"instock","16":"shipping-taxable","17":"purchasable","18":"product-type-variable"},"acf":[],"_links":{"self":[{"href":"https:\/\/www.letutudanza.it\/de\/wp-json\/wp\/v2\/product\/340227","targetHints":{"allow":["GET"]}}],"collection":[{"href":"https:\/\/www.letutudanza.it\/de\/wp-json\/wp\/v2\/product"}],"about":[{"href":"https:\/\/www.letutudanza.it\/de\/wp-json\/wp\/v2\/types\/product"}],"wp:featuredmedia":[{"embeddable":true,"href":"https:\/\/www.letutudanza.it\/de\/wp-json\/wp\/v2\/media\/325986"}],"wp:attachment":[{"href":"https:\/\/www.letutudanza.it\/de\/wp-json\/wp\/v2\/media?parent=340227"}],"wp:term":[{"taxonomy":"product_brand","embeddable":true,"href":"https:\/\/www.letutudanza.it\/de\/wp-json\/wp\/v2\/product_brand?post=340227"},{"taxonomy":"product_cat","embeddable":true,"href":"https:\/\/www.letutudanza.it\/de\/wp-json\/wp\/v2\/product_cat?post=340227"},{"taxonomy":"product_tag","embeddable":true,"href":"https:\/\/www.letutudanza.it\/de\/wp-json\/wp\/v2\/product_tag?post=340227"}],"curies":[{"name":"wp","href":"https:\/\/api.w.org\/{rel}","templated":true}]}}