{"id":339839,"date":"2021-06-29T16:43:25","date_gmt":"2021-06-29T14:43:25","guid":{"rendered":"https:\/\/letutudanza.it\/prodotto\/capezio-hanami-jazzschuh"},"modified":"2024-12-25T12:51:47","modified_gmt":"2024-12-25T11:51:47","slug":"capezio-hanami-jazz-schuh","status":"publish","type":"product","link":"https:\/\/www.letutudanza.it\/de\/prodotto\/capezio-hanami-jazz-schuh","title":{"rendered":"Capezio Hanami Jazzschuh"},"content":{"rendered":"<h2 style=\"text-align: center\">PRODUKTEIGENSCHAFTEN:<\/h2>\n<ul>\n<li>Au\u00dfensohle mit minimaler Einzelnahtkonstruktion<\/li>\n<li>Strukturierter Strickstoff<\/li>\n<li>Kein Futter f\u00fcr hervorragende Atmungsaktivit\u00e4t<\/li>\n<li>Wildledersohle mit EVA-Schaumabsatz<\/li>\n<li>Konturierte Ferseneinlage f\u00fcr eine bessere Anpassung an die Ferse<\/li>\n<li>Rutschfester Silikonriemen f\u00fcr besseren Halt an der Ferse<\/li>\n<li>Modell, das speziell f\u00fcr \u00fcberlegene Sicherheit rund um den Mittelfu\u00df entwickelt wurde<\/li>\n<li>Obermaterial aus Kompressionsstrick f\u00fcr hervorragende Unterst\u00fctzung des Fu\u00dfgew\u00f6lbes<\/li>\n<li>Sohle am Vorderfu\u00df gen\u00e4ht<\/li>\n<\/ul>\n<p>&nbsp;<\/p>\n","protected":false},"excerpt":{"rendered":"<p>Jazzschuh aus reinem Strick mit niedrigem Blatt. Verf\u00fcgt \u00fcber eine geformte Ferseneinlage f\u00fcr eine bessere Passform und einen rutschfesten Silikonriemen, um die Ferse sicher zu halten.<\/p>\n<p>Durch den Absatz und das strukturierte, socken\u00e4hnliche Gestrick k\u00f6nnen sich T\u00e4nzerinnen und T\u00e4nzer freier auf dem Hallenboden bewegen.<\/p>\n<p>Ein farblich abgestimmtes Capezio-Logo, das auf die Au\u00dfensohle gepr\u00e4gt ist, verleiht dem Schuh eine charakteristische Note.<\/p>\n<p>Letztes verf\u00fcgbares St\u00fcck, Farbfoto Nr. 38<\/p>\n<p>&nbsp;<\/p>\n","protected":false},"featured_media":387757,"template":"","meta":{"_acf_changed":false},"product_brand":[],"product_cat":[1914,1617,1836,1451],"product_tag":[],"class_list":{"0":"post-339839","1":"product","2":"type-product","3":"status-publish","4":"has-post-thumbnail","6":"product_cat-schuhe-outlet","7":"product_cat-schuhe","8":"product_cat-sneakers-und-jazzschuhe","9":"product_cat-auslauf","10":"pa_brand-capezio-de","12":"first","13":"instock","14":"sale","15":"shipping-taxable","16":"purchasable","17":"product-type-simple"},"acf":[],"_links":{"self":[{"href":"https:\/\/www.letutudanza.it\/de\/wp-json\/wp\/v2\/product\/339839","targetHints":{"allow":["GET"]}}],"collection":[{"href":"https:\/\/www.letutudanza.it\/de\/wp-json\/wp\/v2\/product"}],"about":[{"href":"https:\/\/www.letutudanza.it\/de\/wp-json\/wp\/v2\/types\/product"}],"wp:featuredmedia":[{"embeddable":true,"href":"https:\/\/www.letutudanza.it\/de\/wp-json\/wp\/v2\/media\/387757"}],"wp:attachment":[{"href":"https:\/\/www.letutudanza.it\/de\/wp-json\/wp\/v2\/media?parent=339839"}],"wp:term":[{"taxonomy":"product_brand","embeddable":true,"href":"https:\/\/www.letutudanza.it\/de\/wp-json\/wp\/v2\/product_brand?post=339839"},{"taxonomy":"product_cat","embeddable":true,"href":"https:\/\/www.letutudanza.it\/de\/wp-json\/wp\/v2\/product_cat?post=339839"},{"taxonomy":"product_tag","embeddable":true,"href":"https:\/\/www.letutudanza.it\/de\/wp-json\/wp\/v2\/product_tag?post=339839"}],"curies":[{"name":"wp","href":"https:\/\/api.w.org\/{rel}","templated":true}]}}