{"id":339784,"date":"2021-06-29T16:36:45","date_gmt":"2021-06-29T14:36:45","guid":{"rendered":"https:\/\/letutudanza.it\/prodotto\/weisse-fusslose-strumpfhose-von-pridance"},"modified":"2026-03-20T14:23:04","modified_gmt":"2026-03-20T13:23:04","slug":"white-pridance-fuslose-strumpfhose","status":"publish","type":"product","link":"https:\/\/www.letutudanza.it\/de\/prodotto\/white-pridance-fuslose-strumpfhose","title":{"rendered":"Wei\u00dfe, fu\u00dflose Tanzstrumpfhose von Pridance"},"content":{"rendered":"<p>Tanzleggings ohne Fu\u00df mit elastischem Bund. Perfekte Passform und Passform. 60 Den.<br \/>\nZusammensetzung 85 % Polyamid und 15 % Elasthan.<\/p>\n<p><strong>Hinweis:<\/strong> Umtausch und\/oder R\u00fcckgabe sind f\u00fcr diesen Artikel nicht m\u00f6glich<\/p>\n","protected":false},"excerpt":{"rendered":"<p>60 Denier Tanzleggings ohne Fu\u00dfteil mit elastischem Bund.<br \/>\n Passt perfekt.<br \/>\n Zusammensetzung: 85 % Polyamid und 15 % Elastan.<\/p>\n<p> <strong>Hinweis:<\/strong> Umtausch und\/oder R\u00fcckgabe dieses Artikels sind nicht m\u00f6glich.<\/p>\n","protected":false},"featured_media":483368,"template":"","meta":{"_acf_changed":false},"product_brand":[],"product_cat":[1450],"product_tag":[],"class_list":{"0":"post-339784","1":"product","2":"type-product","3":"status-publish","4":"has-post-thumbnail","6":"product_cat-tanz-und-tanzsocken","7":"pa_brand-pridance-de","9":"first","10":"instock","11":"shipping-taxable","12":"purchasable","13":"product-type-variable"},"acf":[],"_links":{"self":[{"href":"https:\/\/www.letutudanza.it\/de\/wp-json\/wp\/v2\/product\/339784","targetHints":{"allow":["GET"]}}],"collection":[{"href":"https:\/\/www.letutudanza.it\/de\/wp-json\/wp\/v2\/product"}],"about":[{"href":"https:\/\/www.letutudanza.it\/de\/wp-json\/wp\/v2\/types\/product"}],"wp:featuredmedia":[{"embeddable":true,"href":"https:\/\/www.letutudanza.it\/de\/wp-json\/wp\/v2\/media\/483368"}],"wp:attachment":[{"href":"https:\/\/www.letutudanza.it\/de\/wp-json\/wp\/v2\/media?parent=339784"}],"wp:term":[{"taxonomy":"product_brand","embeddable":true,"href":"https:\/\/www.letutudanza.it\/de\/wp-json\/wp\/v2\/product_brand?post=339784"},{"taxonomy":"product_cat","embeddable":true,"href":"https:\/\/www.letutudanza.it\/de\/wp-json\/wp\/v2\/product_cat?post=339784"},{"taxonomy":"product_tag","embeddable":true,"href":"https:\/\/www.letutudanza.it\/de\/wp-json\/wp\/v2\/product_tag?post=339784"}],"curies":[{"name":"wp","href":"https:\/\/api.w.org\/{rel}","templated":true}]}}