{"id":339611,"date":"2021-06-29T16:19:12","date_gmt":"2021-06-29T14:19:12","guid":{"rendered":"https:\/\/letutudanza.it\/prodotto\/bloch-accent-canvas-charakterschuh"},"modified":"2026-01-31T14:10:28","modified_gmt":"2026-01-31T13:10:28","slug":"bloch-akzent-canvas-charakter-schuh","status":"publish","type":"product","link":"https:\/\/www.letutudanza.it\/de\/prodotto\/bloch-akzent-canvas-charakter-schuh","title":{"rendered":"Canvas-Tanzschuhe mit Charaktermotiven und 2,5 cm Absatz"},"content":{"rendered":"<h2 style=\"text-align: center;\">Bloch Accent Canvas Charaktertanzschuhe mit niedrigem Absatz<\/h2>\n<p>Diese Tanzschuhe f\u00fcr Charaktert\u00e4nze bieten Komfort, Flexibilit\u00e4t und Stabilit\u00e4t im Unterricht und bei Auff\u00fchrungen. Das Obermaterial aus Canvas sorgt f\u00fcr Atmungsaktivit\u00e4t und hohen Tragekomfort, auch bei l\u00e4ngerem Tragen. <\/p>\n<p>Die gepolsterte Innensohle d\u00e4mpft St\u00f6\u00dfe, w\u00e4hrend die weiche Ledersohle f\u00fcr optimale Bewegungsfreiheit sorgt. Der 2,5 cm breite Absatz gew\u00e4hrleistet hervorragende Balance und macht dieses Modell ideal f\u00fcr Anf\u00e4nger, Tanzschulen und Musicals. <\/p>\n<p>Der hautfarbene, elastische Verschluss mit kleinem Knopf sorgt f\u00fcr einen stabilen und eleganten Sitz und ist f\u00fcr Ballerinas jeden Alters geeignet.<\/p>\n","protected":false},"excerpt":{"rendered":"<p><strong>Leichte und atmungsaktive Tanzschuhe aus Canvas,<\/strong> ideal f\u00fcr Unterricht, Musicals und Auff\u00fchrungen. <strong>Ein 2,5 cm hoher Blockabsatz<\/strong> sorgt f\u00fcr Stabilit\u00e4t und Komfort beim Tanzen.<\/p>\n","protected":false},"featured_media":323416,"template":"","meta":{"_acf_changed":false},"product_brand":[],"product_cat":[1802,1617],"product_tag":[],"class_list":{"0":"post-339611","1":"product","2":"type-product","3":"status-publish","4":"has-post-thumbnail","6":"product_cat-lehrschuhe-und-charakter","7":"product_cat-schuhe","8":"pa_brand-bloch-de","10":"first","11":"instock","12":"shipping-taxable","13":"purchasable","14":"product-type-variable"},"acf":[],"_links":{"self":[{"href":"https:\/\/www.letutudanza.it\/de\/wp-json\/wp\/v2\/product\/339611","targetHints":{"allow":["GET"]}}],"collection":[{"href":"https:\/\/www.letutudanza.it\/de\/wp-json\/wp\/v2\/product"}],"about":[{"href":"https:\/\/www.letutudanza.it\/de\/wp-json\/wp\/v2\/types\/product"}],"wp:featuredmedia":[{"embeddable":true,"href":"https:\/\/www.letutudanza.it\/de\/wp-json\/wp\/v2\/media\/323416"}],"wp:attachment":[{"href":"https:\/\/www.letutudanza.it\/de\/wp-json\/wp\/v2\/media?parent=339611"}],"wp:term":[{"taxonomy":"product_brand","embeddable":true,"href":"https:\/\/www.letutudanza.it\/de\/wp-json\/wp\/v2\/product_brand?post=339611"},{"taxonomy":"product_cat","embeddable":true,"href":"https:\/\/www.letutudanza.it\/de\/wp-json\/wp\/v2\/product_cat?post=339611"},{"taxonomy":"product_tag","embeddable":true,"href":"https:\/\/www.letutudanza.it\/de\/wp-json\/wp\/v2\/product_tag?post=339611"}],"curies":[{"name":"wp","href":"https:\/\/api.w.org\/{rel}","templated":true}]}}