{"id":339606,"date":"2021-06-29T16:29:13","date_gmt":"2021-06-29T14:29:13","guid":{"rendered":"https:\/\/letutudanza.it\/prodotto\/nahtloser-grishko-trikot"},"modified":"2025-09-22T17:47:42","modified_gmt":"2025-09-22T15:47:42","slug":"korper-grishko-seamless-2","status":"publish","type":"product","link":"https:\/\/www.letutudanza.it\/de\/prodotto\/korper-grishko-seamless-2","title":{"rendered":"Grishko Nahtloser Tanzanzug"},"content":{"rendered":"<p>Ideal zum Tragen unter B\u00fchnenkost\u00fcmen, zum Eind\u00e4mmen der wohlhabenden Br\u00fcste oder zum Tragen unter transparenter Kleidung.<\/p>\n","protected":false},"excerpt":{"rendered":"<p>Nahtlos fleischfarbener Unterk\u00f6rper. Aus weichem, super widerstandsf\u00e4higem und unsichtbarem Mikropolyamid!<\/p>\n<p>&nbsp;<\/p>\n","protected":false},"featured_media":325682,"template":"","meta":{"_acf_changed":false},"product_brand":[],"product_cat":[1443,1513,1550],"product_tag":[1552],"class_list":{"0":"post-339606","1":"product","2":"type-product","3":"status-publish","4":"has-post-thumbnail","6":"product_cat-tanzunterwasche-und-unterwasche","7":"product_cat-kleidung","8":"product_cat-korper-tanz","9":"product_tag-balletttrikot-fur-erwachsene","10":"pa_brand-grischko","12":"first","13":"instock","14":"shipping-taxable","15":"purchasable","16":"product-type-variable"},"acf":[],"_links":{"self":[{"href":"https:\/\/www.letutudanza.it\/de\/wp-json\/wp\/v2\/product\/339606","targetHints":{"allow":["GET"]}}],"collection":[{"href":"https:\/\/www.letutudanza.it\/de\/wp-json\/wp\/v2\/product"}],"about":[{"href":"https:\/\/www.letutudanza.it\/de\/wp-json\/wp\/v2\/types\/product"}],"wp:featuredmedia":[{"embeddable":true,"href":"https:\/\/www.letutudanza.it\/de\/wp-json\/wp\/v2\/media\/325682"}],"wp:attachment":[{"href":"https:\/\/www.letutudanza.it\/de\/wp-json\/wp\/v2\/media?parent=339606"}],"wp:term":[{"taxonomy":"product_brand","embeddable":true,"href":"https:\/\/www.letutudanza.it\/de\/wp-json\/wp\/v2\/product_brand?post=339606"},{"taxonomy":"product_cat","embeddable":true,"href":"https:\/\/www.letutudanza.it\/de\/wp-json\/wp\/v2\/product_cat?post=339606"},{"taxonomy":"product_tag","embeddable":true,"href":"https:\/\/www.letutudanza.it\/de\/wp-json\/wp\/v2\/product_tag?post=339606"}],"curies":[{"name":"wp","href":"https:\/\/api.w.org\/{rel}","templated":true}]}}