{"id":339570,"date":"2021-06-29T16:00:41","date_gmt":"2021-06-29T14:00:41","guid":{"rendered":"https:\/\/letutudanza.it\/prodotto\/tanzspiegel-mit-raedern-billy"},"modified":"2024-12-25T12:51:49","modified_gmt":"2024-12-25T11:51:49","slug":"spiegel-tanz-mit-radern-billy","status":"publish","type":"product","link":"https:\/\/www.letutudanza.it\/de\/prodotto\/spiegel-tanz-mit-radern-billy","title":{"rendered":"Tanzspiegel mit R\u00e4dern: 180 cm H\u00f6he (ohne R\u00e4der) x 100 cm Breite \u2013 Billy"},"content":{"rendered":"<p style=\"text-align: center\"><strong>Artikel nicht auf Lager verf\u00fcgbar.<\/strong> <strong>Lieferzeiten 10\/15 Tage. um<\/strong><\/p>\n","protected":false},"excerpt":{"rendered":"<p>Dieser Spiegel wird vertikal ohne Neigung montiert und sorgt durch seine Qualit\u00e4t f\u00fcr ein perfektes Bild.<\/p>\n<p>Spiegel <strong>montiert auf einem konkaven Sockel mit Rollen<\/strong> , stabilen Bremsen und aus Material, das den Boden nicht zerkratzt.<\/p>\n<p> <strong>Griffe auf der R\u00fcckseite<\/strong> , um den Spiegel zu bewegen, ohne ihn zu ber\u00fchren und somit zu verschmutzen.<\/p>\n<p>Es ist m\u00f6glich, mehrere Spiegel nebeneinander zu einer durchgehenden Spiegelwand zu kombinieren.<\/p>\n<p>Dies ist dadurch m\u00f6glich, dass die <strong>Seiten des Spiegels ohne vertikale Rahmen montiert werden.<\/strong> Um sicherzustellen, dass die Spiegel gut ausgerichtet sind, bieten wir ein Verriegelungssystem an, das es erm\u00f6glicht, dass die Spiegel nebeneinander stehen.<\/p>\n<p>Der BILLY-Spiegel ist \u201eMIROX-sicher\u201c zertifiziert, um das Verletzungsrisiko zu verringern, falls der Spiegel besch\u00e4digt wird.<\/p>\n<p>Eine Schutzschicht aus Polypropylen h\u00e4lt den Spiegel an der R\u00fcckenstruktur fest.<\/p>\n<blockquote>\n<p style=\"text-align: center\">Falls der Spiegel zerbricht, bleiben die Glassplitter am Schutz haften, wodurch ein Herunterfallen und eine Verletzung der Person, die ihn verwendet, vermieden werden.<\/p>\n<\/blockquote>\n<p><strong>Misst 180 H\u00f6he (ohne R\u00e4der) x 100 Breite<\/strong><\/p>\n","protected":false},"featured_media":476824,"template":"","meta":{"_acf_changed":false},"product_brand":[],"product_cat":[1732,1447],"product_tag":[],"class_list":{"0":"post-339570","1":"product","2":"type-product","3":"status-publish","4":"has-post-thumbnail","6":"product_cat-stangen-und-tanzspiegel","7":"product_cat-zubehor","8":"pa_brand-ballettdynamik","10":"first","11":"instock","12":"shipping-taxable","13":"purchasable","14":"product-type-simple"},"acf":[],"_links":{"self":[{"href":"https:\/\/www.letutudanza.it\/de\/wp-json\/wp\/v2\/product\/339570","targetHints":{"allow":["GET"]}}],"collection":[{"href":"https:\/\/www.letutudanza.it\/de\/wp-json\/wp\/v2\/product"}],"about":[{"href":"https:\/\/www.letutudanza.it\/de\/wp-json\/wp\/v2\/types\/product"}],"wp:featuredmedia":[{"embeddable":true,"href":"https:\/\/www.letutudanza.it\/de\/wp-json\/wp\/v2\/media\/476824"}],"wp:attachment":[{"href":"https:\/\/www.letutudanza.it\/de\/wp-json\/wp\/v2\/media?parent=339570"}],"wp:term":[{"taxonomy":"product_brand","embeddable":true,"href":"https:\/\/www.letutudanza.it\/de\/wp-json\/wp\/v2\/product_brand?post=339570"},{"taxonomy":"product_cat","embeddable":true,"href":"https:\/\/www.letutudanza.it\/de\/wp-json\/wp\/v2\/product_cat?post=339570"},{"taxonomy":"product_tag","embeddable":true,"href":"https:\/\/www.letutudanza.it\/de\/wp-json\/wp\/v2\/product_tag?post=339570"}],"curies":[{"name":"wp","href":"https:\/\/api.w.org\/{rel}","templated":true}]}}