{"id":339549,"date":"2021-06-29T16:06:49","date_gmt":"2021-06-29T14:06:49","guid":{"rendered":"https:\/\/letutudanza.it\/prodotto\/spin-board-tablet-zur-verbesserung-der-pirouetten"},"modified":"2024-12-25T12:51:48","modified_gmt":"2024-12-25T11:51:48","slug":"spinboard-tablet-um-pirouetten-zu-verbessern","status":"publish","type":"product","link":"https:\/\/www.letutudanza.it\/de\/prodotto\/spinboard-tablet-um-pirouetten-zu-verbessern","title":{"rendered":"Tablet zur Verbesserung von Pirouetten \u2013 Spin Board"},"content":{"rendered":"<div id=\"trtext\">\n<p>Verbessern Sie Ihre Pirouetten mit Spin Board!<\/p>\n<p><span id=\"s2_7\">Die richtige Drehung des T\u00e4nzers erfordert Fokus, starkes Gleichgewicht und die richtige Armposition.<\/span> Das Spin Board <span id=\"s2_8\">hat sehr wenig Reibung mit dem Boden und erm\u00f6glicht es den T\u00e4nzern, sich auf einzelne Schritte in den Drehungen zu konzentrieren, mit der Option, zu Relev\u00e9 aufzusteigen.<\/span><\/p>\n<\/div>\n<div>Verf\u00fcgbare Farben: Blau und Pink<\/div>\n","protected":false},"excerpt":{"rendered":"<div id=\"trtext\">\n<p>Verbessern Sie Ihre Pirouetten mit Spin Board!<\/p>\n<p><span id=\"s2_7\">Die richtige Drehung des T\u00e4nzers erfordert Fokus, starkes Gleichgewicht und die richtige Armposition.<\/span> Das Spin Board <span id=\"s2_8\">hat sehr wenig Reibung mit dem Boden und erm\u00f6glicht es den T\u00e4nzern, sich auf einzelne Schritte in den Drehungen zu konzentrieren, mit der Option, zu Relev\u00e9 aufzusteigen.<\/span><\/p>\n<\/div>\n<div>Verf\u00fcgbare Farben: Blau und Pink<\/div>\n","protected":false},"featured_media":325544,"template":"","meta":{"_acf_changed":false},"product_brand":[],"product_cat":[1449,1447],"product_tag":[],"class_list":{"0":"post-339549","1":"product","2":"type-product","3":"status-publish","4":"has-post-thumbnail","6":"product_cat-dehnen-und-trainieren","7":"product_cat-zubehor","8":"pa_brand-tech-tanz","10":"first","11":"instock","12":"shipping-taxable","13":"purchasable","14":"product-type-variable"},"acf":[],"_links":{"self":[{"href":"https:\/\/www.letutudanza.it\/de\/wp-json\/wp\/v2\/product\/339549","targetHints":{"allow":["GET"]}}],"collection":[{"href":"https:\/\/www.letutudanza.it\/de\/wp-json\/wp\/v2\/product"}],"about":[{"href":"https:\/\/www.letutudanza.it\/de\/wp-json\/wp\/v2\/types\/product"}],"wp:featuredmedia":[{"embeddable":true,"href":"https:\/\/www.letutudanza.it\/de\/wp-json\/wp\/v2\/media\/325544"}],"wp:attachment":[{"href":"https:\/\/www.letutudanza.it\/de\/wp-json\/wp\/v2\/media?parent=339549"}],"wp:term":[{"taxonomy":"product_brand","embeddable":true,"href":"https:\/\/www.letutudanza.it\/de\/wp-json\/wp\/v2\/product_brand?post=339549"},{"taxonomy":"product_cat","embeddable":true,"href":"https:\/\/www.letutudanza.it\/de\/wp-json\/wp\/v2\/product_cat?post=339549"},{"taxonomy":"product_tag","embeddable":true,"href":"https:\/\/www.letutudanza.it\/de\/wp-json\/wp\/v2\/product_tag?post=339549"}],"curies":[{"name":"wp","href":"https:\/\/api.w.org\/{rel}","templated":true}]}}