{"id":339514,"date":"2021-06-29T16:22:16","date_gmt":"2021-06-29T14:22:16","guid":{"rendered":"https:\/\/letutudanza.it\/prodotto\/triunfo-herren-spitzenschuh-spartacus"},"modified":"2026-02-19T12:20:01","modified_gmt":"2026-02-19T11:20:01","slug":"triunfo-spitzenschuh-fur-herren-spartacus","status":"publish","type":"product","link":"https:\/\/www.letutudanza.it\/de\/prodotto\/triunfo-spitzenschuh-fur-herren-spartacus","title":{"rendered":"Triunfo Spitzentanzschuh f\u00fcr Herren \u2013 Spartacus"},"content":{"rendered":"<p>Spitzenschuh f\u00fcr m\u00e4nnliche T\u00e4nzer. Speziell entwickelt, um den m\u00e4nnlichen Fu\u00df aufzunehmen, der breiter als der weibliche ist, und um ein gr\u00f6\u00dferes Gewicht und eine gr\u00f6\u00dfere Kraft als der herk\u00f6mmliche Fu\u00df zu unterst\u00fctzen. Aus schwarzem Canvas, mit handgen\u00e4hter Innensohle.<br \/>\nHarte Sohlenstruktur und sehr breite Sohle<\/p>\n<p>Produkt nicht auf Lager verf\u00fcgbar. (Lieferzeit 10 Tage)<\/p>\n","protected":false},"excerpt":{"rendered":"<p>Dieser Spitzenschuh wurde speziell f\u00fcr den m\u00e4nnlichen Fu\u00df entwickelt, der breiter ist als der weibliche, und um ein h\u00f6heres Gewicht und eine gr\u00f6\u00dfere Kraft als herk\u00f6mmliche Modelle auszuhalten. Aus schwarzem Canvas, mit handgen\u00e4hter Innensohle.<\/p>\n<p>Harte Sohlenstruktur und sehr breite Sohle<\/p>\n<p>Produkt nicht sofort verf\u00fcgbar: Die Lieferzeiten k\u00f6nnen zwischen 15 und 20 Tagen variieren.<\/p>\n","protected":false},"featured_media":323418,"template":"","meta":{"_acf_changed":false},"product_brand":[],"product_cat":[1663,1516,1617,1935,2686],"product_tag":[],"class_list":{"0":"post-339514","1":"product","2":"type-product","3":"status-publish","4":"has-post-thumbnail","6":"product_cat-spitzenschuhe","7":"product_cat-herrenlinie","8":"product_cat-schuhe","9":"product_cat-tanzschuhe-fur-herren","10":"product_cat-triunfo-spitzenschuhe","11":"pa_brand-triumph","13":"first","14":"outofstock","15":"shipping-taxable","16":"purchasable","17":"product-type-variable"},"acf":[],"_links":{"self":[{"href":"https:\/\/www.letutudanza.it\/de\/wp-json\/wp\/v2\/product\/339514","targetHints":{"allow":["GET"]}}],"collection":[{"href":"https:\/\/www.letutudanza.it\/de\/wp-json\/wp\/v2\/product"}],"about":[{"href":"https:\/\/www.letutudanza.it\/de\/wp-json\/wp\/v2\/types\/product"}],"wp:featuredmedia":[{"embeddable":true,"href":"https:\/\/www.letutudanza.it\/de\/wp-json\/wp\/v2\/media\/323418"}],"wp:attachment":[{"href":"https:\/\/www.letutudanza.it\/de\/wp-json\/wp\/v2\/media?parent=339514"}],"wp:term":[{"taxonomy":"product_brand","embeddable":true,"href":"https:\/\/www.letutudanza.it\/de\/wp-json\/wp\/v2\/product_brand?post=339514"},{"taxonomy":"product_cat","embeddable":true,"href":"https:\/\/www.letutudanza.it\/de\/wp-json\/wp\/v2\/product_cat?post=339514"},{"taxonomy":"product_tag","embeddable":true,"href":"https:\/\/www.letutudanza.it\/de\/wp-json\/wp\/v2\/product_tag?post=339514"}],"curies":[{"name":"wp","href":"https:\/\/api.w.org\/{rel}","templated":true}]}}