{"id":339507,"date":"2021-06-29T15:59:08","date_gmt":"2021-06-29T13:59:08","guid":{"rendered":"https:\/\/letutudanza.it\/prodotto\/tanz-figaro-wandspiegel"},"modified":"2025-09-09T17:05:21","modified_gmt":"2025-09-09T15:05:21","slug":"figaro-tanzwandspiegel","status":"publish","type":"product","link":"https:\/\/www.letutudanza.it\/de\/prodotto\/figaro-tanzwandspiegel","title":{"rendered":"Danza-Wandspiegel: Ma\u00dfe 200 x 100 x 2,5 cm \u2013 Figaro"},"content":{"rendered":"<p style=\"text-align: center\"><strong>Artikel nicht auf Lager verf\u00fcgbar.<\/strong> <strong>Lieferzeiten 10\/15 Tage. um<\/strong><\/p>\n","protected":false},"excerpt":{"rendered":"<p>Figaro Wandspiegel eingelassen in eine Aluminiumstruktur, die als Rahmen die Spiegelkanten in H\u00f6he und Breite umschlie\u00dft und gleichzeitig als Wandhalterung fungiert.<\/p>\n<p>Der FIGARO-Spiegel wird dank zweier Metallhalterungen an der Wand aufgeh\u00e4ngt.Dieses System erm\u00f6glicht es Ihnen, den Spiegel einfach zu demontieren, wenn Sie ihn bewegen m\u00fcssen.<\/p>\n<blockquote>\n<p style=\"text-align: center\">Der FIGARO-Spiegel ist mit einer Sicherheitsfolie ausgestattet, die auf seine Struktur aufgebracht wird und ihn im Falle einer versehentlichen Besch\u00e4digung sch\u00fctzt.<\/p>\n<\/blockquote>\n<p>Tats\u00e4chlich tr\u00e4gt diese Schutzfolie <strong>dazu bei, Splitter zu verhindern<\/strong> , die beim Zerbrechen des Spiegels entstehen und Sch\u00e4den verursachen k\u00f6nnten.<\/p>\n<p>Dar\u00fcber hinaus k\u00f6nnen Sie bei unserem FIGARO-Modell auf Nummer sicher gehen, da die <strong>Wandhalterungen aus verzinktem Stahl gefertigt sind<\/strong> und Sie so sicher sein k\u00f6nnen, dass sie nicht rosten. <strong>Seien Sie versichert, dass Ihr FIGARO-Spiegel jahrelang an der Wand befestigt bleibt.<\/strong><\/p>\n<p><strong>Verf\u00fcgbare Gr\u00f6\u00dfe:<\/strong><\/p>\n<ul>\n<li>200 x 100 x 2,5 cm<\/li>\n<\/ul>\n","protected":false},"featured_media":473741,"template":"","meta":{"_acf_changed":false},"product_brand":[],"product_cat":[1732,1447],"product_tag":[],"class_list":{"0":"post-339507","1":"product","2":"type-product","3":"status-publish","4":"has-post-thumbnail","6":"product_cat-stangen-und-tanzspiegel","7":"product_cat-zubehor","8":"pa_brand-ballettdynamik","10":"first","11":"instock","12":"shipping-taxable","13":"purchasable","14":"product-type-variable"},"acf":[],"_links":{"self":[{"href":"https:\/\/www.letutudanza.it\/de\/wp-json\/wp\/v2\/product\/339507","targetHints":{"allow":["GET"]}}],"collection":[{"href":"https:\/\/www.letutudanza.it\/de\/wp-json\/wp\/v2\/product"}],"about":[{"href":"https:\/\/www.letutudanza.it\/de\/wp-json\/wp\/v2\/types\/product"}],"wp:featuredmedia":[{"embeddable":true,"href":"https:\/\/www.letutudanza.it\/de\/wp-json\/wp\/v2\/media\/473741"}],"wp:attachment":[{"href":"https:\/\/www.letutudanza.it\/de\/wp-json\/wp\/v2\/media?parent=339507"}],"wp:term":[{"taxonomy":"product_brand","embeddable":true,"href":"https:\/\/www.letutudanza.it\/de\/wp-json\/wp\/v2\/product_brand?post=339507"},{"taxonomy":"product_cat","embeddable":true,"href":"https:\/\/www.letutudanza.it\/de\/wp-json\/wp\/v2\/product_cat?post=339507"},{"taxonomy":"product_tag","embeddable":true,"href":"https:\/\/www.letutudanza.it\/de\/wp-json\/wp\/v2\/product_tag?post=339507"}],"curies":[{"name":"wp","href":"https:\/\/api.w.org\/{rel}","templated":true}]}}