{"id":338091,"date":"2021-06-29T13:45:56","date_gmt":"2021-06-29T11:45:56","guid":{"rendered":"https:\/\/letutudanza.it\/prodotto\/koerper-daniela"},"modified":"2025-09-12T17:00:12","modified_gmt":"2025-09-12T15:00:12","slug":"korper-daniela","status":"publish","type":"product","link":"https:\/\/www.letutudanza.it\/de\/prodotto\/korper-daniela","title":{"rendered":"Tanzbody Daniela mit Spitzeneinsatz"},"content":{"rendered":"<p>Sehr eleganter Body mit einem besonderen Ausschnitt, der mit Spitze bedeckt ist! erh\u00e4ltlich in verschiedenen Farben und Materialarten. Bequeme Passform durch Tanktop-Schnitt. Praktikabilit\u00e4t im Arbeitszimmer dank des Ausschnitts, der die Schulterbl\u00e4tter unbedeckt l\u00e4sst. Eleganz und Verf\u00fchrung durch das Design des K\u00f6rpers und die verwendete Spitze.<\/p>\n<p>Vorne gef\u00fcttert<\/p>\n","protected":false},"excerpt":{"rendered":"<p>Sehr eleganter Body mit Einsatz auf der Vorderseite, der mit Spitze bedeckt ist. Bequeme Passform durch Tanktop-Schnitt. Praktikabilit\u00e4t im Arbeitszimmer dank des Ausschnitts, der die Schulterbl\u00e4tter unbedeckt l\u00e4sst. Vorne gef\u00fcttert<\/p>\n","protected":false},"featured_media":325696,"template":"","meta":{"_acf_changed":false},"product_brand":[],"product_cat":[1513,1550],"product_tag":[1552],"class_list":{"0":"post-338091","1":"product","2":"type-product","3":"status-publish","4":"has-post-thumbnail","6":"product_cat-kleidung","7":"product_cat-korper-tanz","8":"product_tag-balletttrikot-fur-erwachsene","9":"pa_brand-dl-tanzkleidung","11":"first","12":"instock","13":"shipping-taxable","14":"purchasable","15":"product-type-variable"},"acf":[],"_links":{"self":[{"href":"https:\/\/www.letutudanza.it\/de\/wp-json\/wp\/v2\/product\/338091","targetHints":{"allow":["GET"]}}],"collection":[{"href":"https:\/\/www.letutudanza.it\/de\/wp-json\/wp\/v2\/product"}],"about":[{"href":"https:\/\/www.letutudanza.it\/de\/wp-json\/wp\/v2\/types\/product"}],"wp:featuredmedia":[{"embeddable":true,"href":"https:\/\/www.letutudanza.it\/de\/wp-json\/wp\/v2\/media\/325696"}],"wp:attachment":[{"href":"https:\/\/www.letutudanza.it\/de\/wp-json\/wp\/v2\/media?parent=338091"}],"wp:term":[{"taxonomy":"product_brand","embeddable":true,"href":"https:\/\/www.letutudanza.it\/de\/wp-json\/wp\/v2\/product_brand?post=338091"},{"taxonomy":"product_cat","embeddable":true,"href":"https:\/\/www.letutudanza.it\/de\/wp-json\/wp\/v2\/product_cat?post=338091"},{"taxonomy":"product_tag","embeddable":true,"href":"https:\/\/www.letutudanza.it\/de\/wp-json\/wp\/v2\/product_tag?post=338091"}],"curies":[{"name":"wp","href":"https:\/\/api.w.org\/{rel}","templated":true}]}}