{"id":337879,"date":"2021-06-29T15:51:44","date_gmt":"2021-06-29T13:51:44","guid":{"rendered":"https:\/\/letutudanza.it\/prodotto\/hoehenverstellbare-stange-isa"},"modified":"2025-09-09T15:58:35","modified_gmt":"2025-09-09T13:58:35","slug":"isa-hohenverstellbarer-bugel","status":"publish","type":"product","link":"https:\/\/www.letutudanza.it\/de\/prodotto\/isa-hohenverstellbarer-bugel","title":{"rendered":"H\u00f6henverstellbare Stange f\u00fcr Erwachsene und Kinder \u2013 Isa"},"content":{"rendered":"<p>Die ISA-Stange, mit oder ohne R\u00e4der, ist leicht beweglich und transportabel. Der ISA mit R\u00e4dern kann bewegt werden, indem er nach hinten gekippt und die R\u00e4der an der Basis jeder St\u00fctze verwendet werden.<\/p>\n<p>Stattdessen wurde das andere Modell, gerade weil es keine R\u00e4der hat, mit einem Sockel konstruiert, dessen Gewicht geringer ist, so dass es ohne gro\u00dfen Kraftaufwand angehoben werden kann.<\/p>\n<p>In beiden F\u00e4llen verursachen die beiden Balkenf\u00fc\u00dfe dank einer Gummischicht keine Besch\u00e4digungen oder Kratzer auf dem Boden, auf dem sie ruhen<\/p>\n<p style=\"text-align: center\"><strong>Artikel nicht auf Lager verf\u00fcgbar.<\/strong> <strong>Lieferzeiten 10\/15 Tage. um<\/strong><\/p>\n","protected":false},"excerpt":{"rendered":"<p>Die ISA-Barre ist ein h\u00f6henverstellbares Modell und eignet sich sowohl f\u00fcr Erwachsene als auch f\u00fcr Kinder.<\/p>\n<p><strong>Mit seinen 14 Positionen<\/strong> ist das ISA-Modell genau das Richtige f\u00fcr Ihre Kinder, denn es begleitet sie bei ihrem Wachstum und sie k\u00f6nnen immer trainieren, indem sie die f\u00fcr sie am besten geeignete H\u00f6he w\u00e4hlen.<\/p>\n<p>Erh\u00e4ltlich mit und ohne R\u00e4der in folgenden Gr\u00f6\u00dfen:<\/p>\n<ul>\n<li>1,5 Meter<\/li>\n<li>2 Meter<\/li>\n<li>10 Fu\u00df<\/li>\n<\/ul>\n<p>Eigenschaften:<\/p>\n<ul>\n<li>Mindesth\u00f6he: 79,5 cm.<\/li>\n<li>Maximale H\u00f6he: 118,5 cm.<\/li>\n<li>S\u00e4ulendurchmesser: 50 mm.<\/li>\n<li>Durchmesser der Holzleiste: 40 mm.<\/li>\n<li>Grundma\u00dfe: 39,5 x 32 x 1 cm.<\/li>\n<li>Gesamtgewicht: 31,5 kg\n<ul>\n<li>mit 1\u00bd bar, 32 kg f\u00fcr 2 m oder 33 kg f\u00fcr 3 m.<\/li>\n<\/ul>\n<\/li>\n<li>Standardl\u00e4nge der Holzleiste: 1\u00bd m 2 m oder 3 m.<\/li>\n<\/ul>\n<p>Der ISA ist f\u00fcr Holzst\u00e4be mit einem Durchmesser von 40 mm ausgelegt.<\/p>\n<p>Es wird ein maximaler Abstand zwischen St\u00fctzen von 2,3 m empfohlen.<\/p>\n","protected":false},"featured_media":323354,"template":"","meta":{"_acf_changed":false},"product_brand":[],"product_cat":[1732,1447],"product_tag":[],"class_list":{"0":"post-337879","1":"product","2":"type-product","3":"status-publish","4":"has-post-thumbnail","6":"product_cat-stangen-und-tanzspiegel","7":"product_cat-zubehor","8":"pa_brand-ballettdynamik","10":"first","11":"instock","12":"shipping-taxable","13":"purchasable","14":"product-type-variable"},"acf":[],"_links":{"self":[{"href":"https:\/\/www.letutudanza.it\/de\/wp-json\/wp\/v2\/product\/337879","targetHints":{"allow":["GET"]}}],"collection":[{"href":"https:\/\/www.letutudanza.it\/de\/wp-json\/wp\/v2\/product"}],"about":[{"href":"https:\/\/www.letutudanza.it\/de\/wp-json\/wp\/v2\/types\/product"}],"wp:featuredmedia":[{"embeddable":true,"href":"https:\/\/www.letutudanza.it\/de\/wp-json\/wp\/v2\/media\/323354"}],"wp:attachment":[{"href":"https:\/\/www.letutudanza.it\/de\/wp-json\/wp\/v2\/media?parent=337879"}],"wp:term":[{"taxonomy":"product_brand","embeddable":true,"href":"https:\/\/www.letutudanza.it\/de\/wp-json\/wp\/v2\/product_brand?post=337879"},{"taxonomy":"product_cat","embeddable":true,"href":"https:\/\/www.letutudanza.it\/de\/wp-json\/wp\/v2\/product_cat?post=337879"},{"taxonomy":"product_tag","embeddable":true,"href":"https:\/\/www.letutudanza.it\/de\/wp-json\/wp\/v2\/product_tag?post=337879"}],"curies":[{"name":"wp","href":"https:\/\/api.w.org\/{rel}","templated":true}]}}