{"id":337776,"date":"2021-06-29T15:47:25","date_gmt":"2021-06-29T13:47:25","guid":{"rendered":"https:\/\/letutudanza.it\/prodotto\/barre-danza-pina"},"modified":"2025-09-09T15:27:25","modified_gmt":"2025-09-09T13:27:25","slug":"barre-tanz-pina","status":"publish","type":"product","link":"https:\/\/www.letutudanza.it\/de\/prodotto\/barre-tanz-pina","title":{"rendered":"PINA Ballettstange ausgestattet mit 2 Holzstangen"},"content":{"rendered":"<p style=\"text-align: left\"><strong>Artikel nicht auf Lager verf\u00fcgbar.<\/strong> <strong>Lieferzeiten 10\/15 Tage. um<\/strong><\/p>\n","protected":false},"excerpt":{"rendered":"<p>Es hat zwei gro\u00dfe und flache Stahlf\u00fc\u00dfe und kann mit zus\u00e4tzlichen R\u00e4dern angefordert werden, um die Bewegung bequemer zu machen.<\/p>\n<p>Was den PINA auszeichnet, ist sein effektives und leichtes Design, ohne Kompromisse bei Robustheit und Stabilit\u00e4t einzugehen<\/p>\n<ul>\n<li>Stangenh\u00f6he (mit R\u00e4dern): 78,5 (79,5) und 101 (102) cm.<\/li>\n<li>Abstand zwischen den Stangen: 19 cm.<\/li>\n<li>S\u00e4ulendurchmesser: 50 mm<\/li>\n<li>Durchmesser der Holzst\u00e4be: 40 mm.<\/li>\n<li>Basisabmessungen (mit R\u00e4dern): 39,5 x 32 x 1 (2) cm.<\/li>\n<li>Gesamtgewicht ohne R\u00e4der: 36 kg (oder 38 kg mit 3-m-Stangen).<\/li>\n<li>Gesamtgewicht mit R\u00e4dern: 52 kg (oder 54 kg mit 3-m-Stangen).<\/li>\n<li>Standardl\u00e4nge der Holzst\u00e4be: 2 m oder 3 m.<\/li>\n<\/ul>\n<p>Die PINA ist f\u00fcr <strong>Holzst\u00e4be mit einem Durchmesser von 40 mm<\/strong> konzipiert. Ein maximaler Abstand zwischen den St\u00fctzen von 2,3 wird empfohlen<\/p>\n","protected":false},"featured_media":323338,"template":"","meta":{"_acf_changed":false},"product_brand":[],"product_cat":[1732,1447],"product_tag":[],"class_list":{"0":"post-337776","1":"product","2":"type-product","3":"status-publish","4":"has-post-thumbnail","6":"product_cat-stangen-und-tanzspiegel","7":"product_cat-zubehor","8":"pa_brand-ballettdynamik","10":"first","11":"instock","12":"shipping-taxable","13":"purchasable","14":"product-type-variable"},"acf":[],"_links":{"self":[{"href":"https:\/\/www.letutudanza.it\/de\/wp-json\/wp\/v2\/product\/337776","targetHints":{"allow":["GET"]}}],"collection":[{"href":"https:\/\/www.letutudanza.it\/de\/wp-json\/wp\/v2\/product"}],"about":[{"href":"https:\/\/www.letutudanza.it\/de\/wp-json\/wp\/v2\/types\/product"}],"wp:featuredmedia":[{"embeddable":true,"href":"https:\/\/www.letutudanza.it\/de\/wp-json\/wp\/v2\/media\/323338"}],"wp:attachment":[{"href":"https:\/\/www.letutudanza.it\/de\/wp-json\/wp\/v2\/media?parent=337776"}],"wp:term":[{"taxonomy":"product_brand","embeddable":true,"href":"https:\/\/www.letutudanza.it\/de\/wp-json\/wp\/v2\/product_brand?post=337776"},{"taxonomy":"product_cat","embeddable":true,"href":"https:\/\/www.letutudanza.it\/de\/wp-json\/wp\/v2\/product_cat?post=337776"},{"taxonomy":"product_tag","embeddable":true,"href":"https:\/\/www.letutudanza.it\/de\/wp-json\/wp\/v2\/product_tag?post=337776"}],"curies":[{"name":"wp","href":"https:\/\/api.w.org\/{rel}","templated":true}]}}