{"id":337773,"date":"2021-06-29T15:53:57","date_gmt":"2021-06-29T13:53:57","guid":{"rendered":"https:\/\/letutudanza.it\/prodotto\/ballettstange-fuer-den-heimgebrauch-prima"},"modified":"2024-12-25T12:51:50","modified_gmt":"2024-12-25T11:51:50","slug":"tanzbar-fur-den-heimgebrauch-vorher","status":"publish","type":"product","link":"https:\/\/www.letutudanza.it\/de\/prodotto\/tanzbar-fur-den-heimgebrauch-vorher","title":{"rendered":"Ballettstange f\u00fcr den Heimgebrauch \u2013 Prima"},"content":{"rendered":"<p><strong>Artikel nicht auf Lager verf\u00fcgbar.<\/strong> <strong>Lieferzeiten 10\/15 Tage. um<\/strong><\/p>\n","protected":false},"excerpt":{"rendered":"<p>Prima ist unsere mobile Stange, die f\u00fcr den pers\u00f6nlichen Gebrauch entwickelt wurde und ideal f\u00fcr Ihr Training zu Hause ist.<\/p>\n<p>Sie eignet sich f\u00fcr Erwachsene, aber auch f\u00fcr Kinder und stellt auch eines der gefragtesten Fitnessprodukte dar. Leicht und einfach in Ihrem Zuhause zu bewegen, finden Sie die PRIMA, eine hochstabile Barre, die aus hochwertigem Material hergestellt wurde.<\/p>\n<p>Ma\u00dfe<\/p>\n<ul>\n<li>H\u00f6he 960 mm<\/li>\n<li>S\u00e4ulendurchmesser 40 mm<\/li>\n<li>Durchmesser der Holzstange 40 mm<\/li>\n<li>Basis (L\u00e4nge x Breite x Dicke) 395 x 320 x 6 mm<\/li>\n<\/ul>\n","protected":false},"featured_media":323366,"template":"","meta":{"_acf_changed":false},"product_brand":[],"product_cat":[1732,1447],"product_tag":[],"class_list":{"0":"post-337773","1":"product","2":"type-product","3":"status-publish","4":"has-post-thumbnail","6":"product_cat-stangen-und-tanzspiegel","7":"product_cat-zubehor","8":"pa_brand-ballettdynamik","10":"first","11":"instock","12":"shipping-taxable","13":"purchasable","14":"product-type-variable"},"acf":[],"_links":{"self":[{"href":"https:\/\/www.letutudanza.it\/de\/wp-json\/wp\/v2\/product\/337773","targetHints":{"allow":["GET"]}}],"collection":[{"href":"https:\/\/www.letutudanza.it\/de\/wp-json\/wp\/v2\/product"}],"about":[{"href":"https:\/\/www.letutudanza.it\/de\/wp-json\/wp\/v2\/types\/product"}],"wp:featuredmedia":[{"embeddable":true,"href":"https:\/\/www.letutudanza.it\/de\/wp-json\/wp\/v2\/media\/323366"}],"wp:attachment":[{"href":"https:\/\/www.letutudanza.it\/de\/wp-json\/wp\/v2\/media?parent=337773"}],"wp:term":[{"taxonomy":"product_brand","embeddable":true,"href":"https:\/\/www.letutudanza.it\/de\/wp-json\/wp\/v2\/product_brand?post=337773"},{"taxonomy":"product_cat","embeddable":true,"href":"https:\/\/www.letutudanza.it\/de\/wp-json\/wp\/v2\/product_cat?post=337773"},{"taxonomy":"product_tag","embeddable":true,"href":"https:\/\/www.letutudanza.it\/de\/wp-json\/wp\/v2\/product_tag?post=337773"}],"curies":[{"name":"wp","href":"https:\/\/api.w.org\/{rel}","templated":true}]}}